{"id":7878,"date":"2026-02-28T22:49:07","date_gmt":"2026-02-28T21:49:07","guid":{"rendered":"https:\/\/shop-ch.lafabriquecornu.ch\/?post_type=product&#038;p=7878"},"modified":"2026-04-24T03:00:08","modified_gmt":"2026-04-24T01:00:08","slug":"atelier-lapins-ou-licornes-en-chocolat","status":"publish","type":"product","link":"https:\/\/shop-ch.lafabriquecornu.ch\/fr\/produit\/atelier-lapins-ou-licornes-en-chocolat\/","title":{"rendered":"Atelier lapins ou licornes en chocolat"},"content":{"rendered":"","protected":false},"excerpt":{"rendered":"<p>Tout au long du mois d\u2019avril, notre atelier de p\u00e2tisserie invite les enfants \u00e0 d\u00e9couvrir l\u2019art du chocolat en r\u00e9alisant eux-m\u00eames leur propre cr\u00e9ation. Un moment gourmand et cr\u00e9atif \u00e0 partager en famille !<\/p>\n<p>Les jeunes chocolatiers apprendront \u00e0 couler le chocolat dans un moule pour fa\u00e7onner leur cr\u00e9ation. Une fois d\u00e9moul\u00e9e, place \u00e0 la d\u00e9coration, o\u00f9 leur imagination pourra s\u2019exprimer librement! En plus du traditionnel <strong>lapin de P\u00e2ques,<\/strong> les enfants pourront choisir de r\u00e9aliser une <strong>licorne en chocolat<\/strong>.<\/p>\n<p>Enfants bienvenus d\u00e8s l&rsquo;\u00e2ge de 4-5 ans, accompagn\u00e9s d&rsquo;un adulte, pour une exp\u00e9rience gourmande et ludique.<\/p>\n<p>Dur\u00e9e : 1h15<\/p>\n<p>02\/04\/08\/09\/10\/11\/12\/15\/16\/17\/18\/19 avril | <strong style=\"font-size: 16px\">10h30 et 13h30<\/strong><\/p>\n<p>23\/24\/30 avril |<strong> 16h15<br \/>\n<\/strong>25\/26 avril | <strong>11h00<\/strong><\/p>\n<p><span style=\"color: #993300\">Si vous ne voyez pas toutes les dates et heures, cliquez sur <strong data-start=\"78\" data-end=\"91\">\u00ab\u00a0effacer\u00a0\u00bb<\/strong> pour tout r\u00e9initialiser et afficher toutes les disponibilit\u00e9s.<\/span><\/p>\n","protected":false},"featured_media":7883,"template":"","meta":[],"product_brand":[],"product_cat":[19],"product_tag":[],"giftcard-category":[],"class_list":{"0":"post-7878","1":"product","2":"type-product","3":"status-publish","4":"has-post-thumbnail","6":"product_cat-ateliers","7":"product_shipping_class-virtuel","9":"first","10":"instock","11":"taxable","12":"shipping-taxable","13":"purchasable","14":"product-type-variable"},"yoast_head":"<!-- This site is optimized with the Yoast SEO plugin v27.4 - https:\/\/yoast.com\/product\/yoast-seo-wordpress\/ -->\n<title>Atelier lapins ou licornes en chocolat - La Fabrique Cornu Shop Suisse<\/title>\n<meta name=\"description\" content=\"Venez confectionner seul, en groupe ou en famille nos propositions saisonni\u00e8res avec les pr\u00e9cieux conseils de nos boulang\u00e8res.\" \/>\n<meta name=\"robots\" content=\"index, follow, max-snippet:-1, max-image-preview:large, max-video-preview:-1\" \/>\n<link rel=\"canonical\" href=\"https:\/\/shop-ch.lafabriquecornu.ch\/fr\/produit\/atelier-lapins-ou-licornes-en-chocolat\/\" \/>\n<meta property=\"og:locale\" content=\"fr_FR\" \/>\n<meta property=\"og:type\" content=\"article\" \/>\n<meta property=\"og:title\" content=\"Atelier lapins ou licornes en chocolat - La Fabrique Cornu Shop Suisse\" \/>\n<meta property=\"og:description\" content=\"Venez confectionner seul, en groupe ou en famille nos propositions saisonni\u00e8res avec les pr\u00e9cieux conseils de nos boulang\u00e8res.\" \/>\n<meta property=\"og:url\" content=\"https:\/\/shop-ch.lafabriquecornu.ch\/fr\/produit\/atelier-lapins-ou-licornes-en-chocolat\/\" \/>\n<meta property=\"og:site_name\" content=\"La Fabrique Cornu Shop Suisse\" \/>\n<meta property=\"article:publisher\" content=\"https:\/\/facebook.com\/lafabriquecornu\" \/>\n<meta property=\"article:modified_time\" content=\"2026-04-24T01:00:08+00:00\" \/>\n<meta property=\"og:image\" content=\"https:\/\/shop-ch.lafabriquecornu.ch\/wp-content\/uploads\/Paques2026-Boutique.png\" \/>\n\t<meta property=\"og:image:width\" content=\"800\" \/>\n\t<meta property=\"og:image:height\" content=\"900\" \/>\n\t<meta property=\"og:image:type\" content=\"image\/png\" \/>\n<meta name=\"twitter:card\" content=\"summary_large_image\" \/>\n<meta name=\"twitter:label1\" content=\"Dur\u00e9e de lecture estim\u00e9e\" \/>\n\t<meta name=\"twitter:data1\" content=\"1 minute\" \/>\n<script type=\"application\/ld+json\" class=\"yoast-schema-graph\">{\"@context\":\"https:\\\/\\\/schema.org\",\"@graph\":[{\"@type\":\"WebPage\",\"@id\":\"https:\\\/\\\/shop-ch.lafabriquecornu.ch\\\/fr\\\/produit\\\/atelier-lapins-ou-licornes-en-chocolat\\\/\",\"url\":\"https:\\\/\\\/shop-ch.lafabriquecornu.ch\\\/fr\\\/produit\\\/atelier-lapins-ou-licornes-en-chocolat\\\/\",\"name\":\"Atelier lapins ou licornes en chocolat - La Fabrique Cornu Shop Suisse\",\"isPartOf\":{\"@id\":\"https:\\\/\\\/shop-ch.lafabriquecornu.ch\\\/fr\\\/#website\"},\"primaryImageOfPage\":{\"@id\":\"https:\\\/\\\/shop-ch.lafabriquecornu.ch\\\/fr\\\/produit\\\/atelier-lapins-ou-licornes-en-chocolat\\\/#primaryimage\"},\"image\":{\"@id\":\"https:\\\/\\\/shop-ch.lafabriquecornu.ch\\\/fr\\\/produit\\\/atelier-lapins-ou-licornes-en-chocolat\\\/#primaryimage\"},\"thumbnailUrl\":\"https:\\\/\\\/shop-ch.lafabriquecornu.ch\\\/wp-content\\\/uploads\\\/Paques2026-Boutique.png\",\"datePublished\":\"2026-02-28T21:49:07+00:00\",\"dateModified\":\"2026-04-24T01:00:08+00:00\",\"description\":\"Venez confectionner seul, en groupe ou en famille nos propositions saisonni\u00e8res avec les pr\u00e9cieux conseils de nos boulang\u00e8res.\",\"breadcrumb\":{\"@id\":\"https:\\\/\\\/shop-ch.lafabriquecornu.ch\\\/fr\\\/produit\\\/atelier-lapins-ou-licornes-en-chocolat\\\/#breadcrumb\"},\"inLanguage\":\"fr-FR\",\"potentialAction\":[{\"@type\":\"ReadAction\",\"target\":[\"https:\\\/\\\/shop-ch.lafabriquecornu.ch\\\/fr\\\/produit\\\/atelier-lapins-ou-licornes-en-chocolat\\\/\"]}]},{\"@type\":\"ImageObject\",\"inLanguage\":\"fr-FR\",\"@id\":\"https:\\\/\\\/shop-ch.lafabriquecornu.ch\\\/fr\\\/produit\\\/atelier-lapins-ou-licornes-en-chocolat\\\/#primaryimage\",\"url\":\"https:\\\/\\\/shop-ch.lafabriquecornu.ch\\\/wp-content\\\/uploads\\\/Paques2026-Boutique.png\",\"contentUrl\":\"https:\\\/\\\/shop-ch.lafabriquecornu.ch\\\/wp-content\\\/uploads\\\/Paques2026-Boutique.png\",\"width\":800,\"height\":900},{\"@type\":\"BreadcrumbList\",\"@id\":\"https:\\\/\\\/shop-ch.lafabriquecornu.ch\\\/fr\\\/produit\\\/atelier-lapins-ou-licornes-en-chocolat\\\/#breadcrumb\",\"itemListElement\":[{\"@type\":\"ListItem\",\"position\":1,\"name\":\"Accueil\",\"item\":\"https:\\\/\\\/shop-ch.lafabriquecornu.ch\\\/fr\\\/\"},{\"@type\":\"ListItem\",\"position\":2,\"name\":\"Tous les produits\",\"item\":\"https:\\\/\\\/shop-ch.lafabriquecornu.ch\\\/fr\\\/boutique\\\/\"},{\"@type\":\"ListItem\",\"position\":3,\"name\":\"Atelier lapins ou licornes en chocolat\"}]},{\"@type\":\"WebSite\",\"@id\":\"https:\\\/\\\/shop-ch.lafabriquecornu.ch\\\/fr\\\/#website\",\"url\":\"https:\\\/\\\/shop-ch.lafabriquecornu.ch\\\/fr\\\/\",\"name\":\"La Fabrique Cornu\",\"description\":\"\",\"publisher\":{\"@id\":\"https:\\\/\\\/shop-ch.lafabriquecornu.ch\\\/fr\\\/#organization\"},\"potentialAction\":[{\"@type\":\"SearchAction\",\"target\":{\"@type\":\"EntryPoint\",\"urlTemplate\":\"https:\\\/\\\/shop-ch.lafabriquecornu.ch\\\/fr\\\/?s={search_term_string}\"},\"query-input\":{\"@type\":\"PropertyValueSpecification\",\"valueRequired\":true,\"valueName\":\"search_term_string\"}}],\"inLanguage\":\"fr-FR\"},{\"@type\":\"Organization\",\"@id\":\"https:\\\/\\\/shop-ch.lafabriquecornu.ch\\\/fr\\\/#organization\",\"name\":\"La Fabrique Cornu\",\"url\":\"https:\\\/\\\/shop-ch.lafabriquecornu.ch\\\/fr\\\/\",\"logo\":{\"@type\":\"ImageObject\",\"inLanguage\":\"fr-FR\",\"@id\":\"https:\\\/\\\/shop-ch.lafabriquecornu.ch\\\/fr\\\/#\\\/schema\\\/logo\\\/image\\\/\",\"url\":\"https:\\\/\\\/shop-ch.lafabriquecornu.ch\\\/wp-content\\\/uploads\\\/lafabrique-logo.svg\",\"contentUrl\":\"https:\\\/\\\/shop-ch.lafabriquecornu.ch\\\/wp-content\\\/uploads\\\/lafabrique-logo.svg\",\"width\":1,\"height\":1,\"caption\":\"La Fabrique Cornu\"},\"image\":{\"@id\":\"https:\\\/\\\/shop-ch.lafabriquecornu.ch\\\/fr\\\/#\\\/schema\\\/logo\\\/image\\\/\"},\"sameAs\":[\"https:\\\/\\\/facebook.com\\\/lafabriquecornu\",\"https:\\\/\\\/www.instagram.com\\\/lafabriquech\",\"https:\\\/\\\/www.youtube.com\\\/@lafabrique-museeinteractif4254\"]}]}<\/script>\n<!-- \/ Yoast SEO plugin. -->","yoast_head_json":{"title":"Atelier lapins ou licornes en chocolat - La Fabrique Cornu Shop Suisse","description":"Venez confectionner seul, en groupe ou en famille nos propositions saisonni\u00e8res avec les pr\u00e9cieux conseils de nos boulang\u00e8res.","robots":{"index":"index","follow":"follow","max-snippet":"max-snippet:-1","max-image-preview":"max-image-preview:large","max-video-preview":"max-video-preview:-1"},"canonical":"https:\/\/shop-ch.lafabriquecornu.ch\/fr\/produit\/atelier-lapins-ou-licornes-en-chocolat\/","og_locale":"fr_FR","og_type":"article","og_title":"Atelier lapins ou licornes en chocolat - La Fabrique Cornu Shop Suisse","og_description":"Venez confectionner seul, en groupe ou en famille nos propositions saisonni\u00e8res avec les pr\u00e9cieux conseils de nos boulang\u00e8res.","og_url":"https:\/\/shop-ch.lafabriquecornu.ch\/fr\/produit\/atelier-lapins-ou-licornes-en-chocolat\/","og_site_name":"La Fabrique Cornu Shop Suisse","article_publisher":"https:\/\/facebook.com\/lafabriquecornu","article_modified_time":"2026-04-24T01:00:08+00:00","og_image":[{"width":800,"height":900,"url":"https:\/\/shop-ch.lafabriquecornu.ch\/wp-content\/uploads\/Paques2026-Boutique.png","type":"image\/png"}],"twitter_card":"summary_large_image","twitter_misc":{"Dur\u00e9e de lecture estim\u00e9e":"1 minute"},"schema":{"@context":"https:\/\/schema.org","@graph":[{"@type":"WebPage","@id":"https:\/\/shop-ch.lafabriquecornu.ch\/fr\/produit\/atelier-lapins-ou-licornes-en-chocolat\/","url":"https:\/\/shop-ch.lafabriquecornu.ch\/fr\/produit\/atelier-lapins-ou-licornes-en-chocolat\/","name":"Atelier lapins ou licornes en chocolat - La Fabrique Cornu Shop Suisse","isPartOf":{"@id":"https:\/\/shop-ch.lafabriquecornu.ch\/fr\/#website"},"primaryImageOfPage":{"@id":"https:\/\/shop-ch.lafabriquecornu.ch\/fr\/produit\/atelier-lapins-ou-licornes-en-chocolat\/#primaryimage"},"image":{"@id":"https:\/\/shop-ch.lafabriquecornu.ch\/fr\/produit\/atelier-lapins-ou-licornes-en-chocolat\/#primaryimage"},"thumbnailUrl":"https:\/\/shop-ch.lafabriquecornu.ch\/wp-content\/uploads\/Paques2026-Boutique.png","datePublished":"2026-02-28T21:49:07+00:00","dateModified":"2026-04-24T01:00:08+00:00","description":"Venez confectionner seul, en groupe ou en famille nos propositions saisonni\u00e8res avec les pr\u00e9cieux conseils de nos boulang\u00e8res.","breadcrumb":{"@id":"https:\/\/shop-ch.lafabriquecornu.ch\/fr\/produit\/atelier-lapins-ou-licornes-en-chocolat\/#breadcrumb"},"inLanguage":"fr-FR","potentialAction":[{"@type":"ReadAction","target":["https:\/\/shop-ch.lafabriquecornu.ch\/fr\/produit\/atelier-lapins-ou-licornes-en-chocolat\/"]}]},{"@type":"ImageObject","inLanguage":"fr-FR","@id":"https:\/\/shop-ch.lafabriquecornu.ch\/fr\/produit\/atelier-lapins-ou-licornes-en-chocolat\/#primaryimage","url":"https:\/\/shop-ch.lafabriquecornu.ch\/wp-content\/uploads\/Paques2026-Boutique.png","contentUrl":"https:\/\/shop-ch.lafabriquecornu.ch\/wp-content\/uploads\/Paques2026-Boutique.png","width":800,"height":900},{"@type":"BreadcrumbList","@id":"https:\/\/shop-ch.lafabriquecornu.ch\/fr\/produit\/atelier-lapins-ou-licornes-en-chocolat\/#breadcrumb","itemListElement":[{"@type":"ListItem","position":1,"name":"Accueil","item":"https:\/\/shop-ch.lafabriquecornu.ch\/fr\/"},{"@type":"ListItem","position":2,"name":"Tous les produits","item":"https:\/\/shop-ch.lafabriquecornu.ch\/fr\/boutique\/"},{"@type":"ListItem","position":3,"name":"Atelier lapins ou licornes en chocolat"}]},{"@type":"WebSite","@id":"https:\/\/shop-ch.lafabriquecornu.ch\/fr\/#website","url":"https:\/\/shop-ch.lafabriquecornu.ch\/fr\/","name":"La Fabrique Cornu","description":"","publisher":{"@id":"https:\/\/shop-ch.lafabriquecornu.ch\/fr\/#organization"},"potentialAction":[{"@type":"SearchAction","target":{"@type":"EntryPoint","urlTemplate":"https:\/\/shop-ch.lafabriquecornu.ch\/fr\/?s={search_term_string}"},"query-input":{"@type":"PropertyValueSpecification","valueRequired":true,"valueName":"search_term_string"}}],"inLanguage":"fr-FR"},{"@type":"Organization","@id":"https:\/\/shop-ch.lafabriquecornu.ch\/fr\/#organization","name":"La Fabrique Cornu","url":"https:\/\/shop-ch.lafabriquecornu.ch\/fr\/","logo":{"@type":"ImageObject","inLanguage":"fr-FR","@id":"https:\/\/shop-ch.lafabriquecornu.ch\/fr\/#\/schema\/logo\/image\/","url":"https:\/\/shop-ch.lafabriquecornu.ch\/wp-content\/uploads\/lafabrique-logo.svg","contentUrl":"https:\/\/shop-ch.lafabriquecornu.ch\/wp-content\/uploads\/lafabrique-logo.svg","width":1,"height":1,"caption":"La Fabrique Cornu"},"image":{"@id":"https:\/\/shop-ch.lafabriquecornu.ch\/fr\/#\/schema\/logo\/image\/"},"sameAs":["https:\/\/facebook.com\/lafabriquecornu","https:\/\/www.instagram.com\/lafabriquech","https:\/\/www.youtube.com\/@lafabrique-museeinteractif4254"]}]}},"_links":{"self":[{"href":"https:\/\/shop-ch.lafabriquecornu.ch\/fr\/wp-json\/wp\/v2\/product\/7878","targetHints":{"allow":["GET"]}}],"collection":[{"href":"https:\/\/shop-ch.lafabriquecornu.ch\/fr\/wp-json\/wp\/v2\/product"}],"about":[{"href":"https:\/\/shop-ch.lafabriquecornu.ch\/fr\/wp-json\/wp\/v2\/types\/product"}],"wp:featuredmedia":[{"embeddable":true,"href":"https:\/\/shop-ch.lafabriquecornu.ch\/fr\/wp-json\/wp\/v2\/media\/7883"}],"wp:attachment":[{"href":"https:\/\/shop-ch.lafabriquecornu.ch\/fr\/wp-json\/wp\/v2\/media?parent=7878"}],"wp:term":[{"taxonomy":"product_brand","embeddable":true,"href":"https:\/\/shop-ch.lafabriquecornu.ch\/fr\/wp-json\/wp\/v2\/product_brand?post=7878"},{"taxonomy":"product_cat","embeddable":true,"href":"https:\/\/shop-ch.lafabriquecornu.ch\/fr\/wp-json\/wp\/v2\/product_cat?post=7878"},{"taxonomy":"product_tag","embeddable":true,"href":"https:\/\/shop-ch.lafabriquecornu.ch\/fr\/wp-json\/wp\/v2\/product_tag?post=7878"},{"taxonomy":"giftcard-category","embeddable":true,"href":"https:\/\/shop-ch.lafabriquecornu.ch\/fr\/wp-json\/wp\/v2\/giftcard-category?post=7878"}],"curies":[{"name":"wp","href":"https:\/\/api.w.org\/{rel}","templated":true}]}}