{"id":5219,"date":"2025-03-19T16:40:08","date_gmt":"2025-03-19T15:40:08","guid":{"rendered":"https:\/\/shop-ch.lafabriquecornu.ch\/?post_type=product&#038;p=5219"},"modified":"2026-04-18T12:52:38","modified_gmt":"2026-04-18T10:52:38","slug":"atelier-cornets-a-la-creme-31-05-25","status":"publish","type":"product","link":"https:\/\/shop-ch.lafabriquecornu.ch\/fr\/produit\/atelier-cornets-a-la-creme-31-05-25\/","title":{"rendered":"Atelier cornets \u00e0 la cr\u00e8me &#8211; 21.05.26"},"content":{"rendered":"","protected":false},"excerpt":{"rendered":"<p data-start=\"78\" data-end=\"397\">Initiez-vous \u00e0 l\u2019art des <strong data-start=\"103\" data-end=\"125\">cornets \u00e0 la cr\u00e8me<\/strong> lors de cet atelier d\u20191 heure ! Gr\u00e2ce \u00e0 notre p\u00e2te feuillet\u00e9e artisanale, la m\u00eame que celle utilis\u00e9e pour nos c\u00e9l\u00e8bres fl\u00fbtes et palmiers, vous apprendrez \u00e0 fa\u00e7onner et cuire des cornets croustillants, avant de les garnir d\u2019une cr\u00e8me p\u00e2tissi\u00e8re l\u00e9g\u00e8re et onctueuse.<\/p>\n<p data-start=\"399\" data-end=\"657\">Guid\u00e9 \u00e9tape par \u00e9tape, vous d\u00e9couvrirez des techniques simples et efficaces pour r\u00e9ussir cette p\u00e2tisserie iconique. Un atelier parfait pour les amateurs de p\u00e2tisserie souhaitant apprendre en toute convivialit\u00e9.<\/p>\n<p><strong style=\"font-size: 16px;\">Date:<\/strong> jeudi 21 mai 2026<br \/>\n<strong>Heure: <\/strong>16h30<\/p>\n<p><strong>Dur\u00e9e : <\/strong>1 h<\/p>\n","protected":false},"featured_media":1203,"template":"","meta":[],"product_brand":[],"product_cat":[19,21],"product_tag":[],"giftcard-category":[],"class_list":{"0":"post-5219","1":"product","2":"type-product","3":"status-publish","4":"has-post-thumbnail","6":"product_cat-ateliers","7":"product_cat-idees-cadeaux","8":"product_shipping_class-virtuel","10":"first","11":"instock","12":"taxable","13":"shipping-taxable","14":"purchasable","15":"product-type-variable","16":"has-default-attributes"},"yoast_head":"<!-- This site is optimized with the Yoast SEO plugin v27.4 - https:\/\/yoast.com\/product\/yoast-seo-wordpress\/ -->\n<title>Atelier cornets \u00e0 la cr\u00e8me - 21.05.26 - La Fabrique Cornu Shop Suisse<\/title>\n<meta name=\"description\" content=\"Apprenez \u00e0 r\u00e9aliser des cornets \u00e0 la cr\u00e8me maison : p\u00e2te feuillet\u00e9e croustillante et cr\u00e8me p\u00e2tissi\u00e8re onctueuse. Atelier pratique et convivial.\" \/>\n<meta name=\"robots\" content=\"index, follow, max-snippet:-1, max-image-preview:large, max-video-preview:-1\" \/>\n<link rel=\"canonical\" href=\"https:\/\/shop-ch.lafabriquecornu.ch\/fr\/produit\/atelier-cornets-a-la-creme-31-05-25\/\" \/>\n<meta property=\"og:locale\" content=\"fr_FR\" \/>\n<meta property=\"og:type\" content=\"article\" \/>\n<meta property=\"og:title\" content=\"Atelier cornets \u00e0 la cr\u00e8me - 21.05.26 - La Fabrique Cornu Shop Suisse\" \/>\n<meta property=\"og:description\" content=\"Apprenez \u00e0 r\u00e9aliser des cornets \u00e0 la cr\u00e8me maison : p\u00e2te feuillet\u00e9e croustillante et cr\u00e8me p\u00e2tissi\u00e8re onctueuse. Atelier pratique et convivial.\" \/>\n<meta property=\"og:url\" content=\"https:\/\/shop-ch.lafabriquecornu.ch\/fr\/produit\/atelier-cornets-a-la-creme-31-05-25\/\" \/>\n<meta property=\"og:site_name\" content=\"La Fabrique Cornu Shop Suisse\" \/>\n<meta property=\"article:publisher\" content=\"https:\/\/facebook.com\/lafabriquecornu\" \/>\n<meta property=\"article:modified_time\" content=\"2026-04-18T10:52:38+00:00\" \/>\n<meta property=\"og:image\" content=\"https:\/\/shop-ch.lafabriquecornu.ch\/wp-content\/uploads\/lafabrique-atelier-1h-cornets.webp\" \/>\n\t<meta property=\"og:image:width\" content=\"800\" \/>\n\t<meta property=\"og:image:height\" content=\"900\" \/>\n\t<meta property=\"og:image:type\" content=\"image\/webp\" \/>\n<meta name=\"twitter:card\" content=\"summary_large_image\" \/>\n<meta name=\"twitter:label1\" content=\"Dur\u00e9e de lecture estim\u00e9e\" \/>\n\t<meta name=\"twitter:data1\" content=\"1 minute\" \/>\n<script type=\"application\/ld+json\" class=\"yoast-schema-graph\">{\"@context\":\"https:\\\/\\\/schema.org\",\"@graph\":[{\"@type\":\"WebPage\",\"@id\":\"https:\\\/\\\/shop-ch.lafabriquecornu.ch\\\/fr\\\/produit\\\/atelier-cornets-a-la-creme-31-05-25\\\/\",\"url\":\"https:\\\/\\\/shop-ch.lafabriquecornu.ch\\\/fr\\\/produit\\\/atelier-cornets-a-la-creme-31-05-25\\\/\",\"name\":\"Atelier cornets \u00e0 la cr\u00e8me - 21.05.26 - La Fabrique Cornu Shop Suisse\",\"isPartOf\":{\"@id\":\"https:\\\/\\\/shop-ch.lafabriquecornu.ch\\\/fr\\\/#website\"},\"primaryImageOfPage\":{\"@id\":\"https:\\\/\\\/shop-ch.lafabriquecornu.ch\\\/fr\\\/produit\\\/atelier-cornets-a-la-creme-31-05-25\\\/#primaryimage\"},\"image\":{\"@id\":\"https:\\\/\\\/shop-ch.lafabriquecornu.ch\\\/fr\\\/produit\\\/atelier-cornets-a-la-creme-31-05-25\\\/#primaryimage\"},\"thumbnailUrl\":\"https:\\\/\\\/shop-ch.lafabriquecornu.ch\\\/wp-content\\\/uploads\\\/lafabrique-atelier-1h-cornets.webp\",\"datePublished\":\"2025-03-19T15:40:08+00:00\",\"dateModified\":\"2026-04-18T10:52:38+00:00\",\"description\":\"Apprenez \u00e0 r\u00e9aliser des cornets \u00e0 la cr\u00e8me maison : p\u00e2te feuillet\u00e9e croustillante et cr\u00e8me p\u00e2tissi\u00e8re onctueuse. Atelier pratique et convivial.\",\"breadcrumb\":{\"@id\":\"https:\\\/\\\/shop-ch.lafabriquecornu.ch\\\/fr\\\/produit\\\/atelier-cornets-a-la-creme-31-05-25\\\/#breadcrumb\"},\"inLanguage\":\"fr-FR\",\"potentialAction\":[{\"@type\":\"ReadAction\",\"target\":[\"https:\\\/\\\/shop-ch.lafabriquecornu.ch\\\/fr\\\/produit\\\/atelier-cornets-a-la-creme-31-05-25\\\/\"]}]},{\"@type\":\"ImageObject\",\"inLanguage\":\"fr-FR\",\"@id\":\"https:\\\/\\\/shop-ch.lafabriquecornu.ch\\\/fr\\\/produit\\\/atelier-cornets-a-la-creme-31-05-25\\\/#primaryimage\",\"url\":\"https:\\\/\\\/shop-ch.lafabriquecornu.ch\\\/wp-content\\\/uploads\\\/lafabrique-atelier-1h-cornets.webp\",\"contentUrl\":\"https:\\\/\\\/shop-ch.lafabriquecornu.ch\\\/wp-content\\\/uploads\\\/lafabrique-atelier-1h-cornets.webp\",\"width\":800,\"height\":900,\"caption\":\"Atelier La Fabrique de 1h sur le th\u00e8me des cornets \u00e0 la cr\u00e8me\"},{\"@type\":\"BreadcrumbList\",\"@id\":\"https:\\\/\\\/shop-ch.lafabriquecornu.ch\\\/fr\\\/produit\\\/atelier-cornets-a-la-creme-31-05-25\\\/#breadcrumb\",\"itemListElement\":[{\"@type\":\"ListItem\",\"position\":1,\"name\":\"Accueil\",\"item\":\"https:\\\/\\\/shop-ch.lafabriquecornu.ch\\\/fr\\\/\"},{\"@type\":\"ListItem\",\"position\":2,\"name\":\"Tous les produits\",\"item\":\"https:\\\/\\\/shop-ch.lafabriquecornu.ch\\\/fr\\\/boutique\\\/\"},{\"@type\":\"ListItem\",\"position\":3,\"name\":\"Atelier cornets \u00e0 la cr\u00e8me &#8211; 21.05.26\"}]},{\"@type\":\"WebSite\",\"@id\":\"https:\\\/\\\/shop-ch.lafabriquecornu.ch\\\/fr\\\/#website\",\"url\":\"https:\\\/\\\/shop-ch.lafabriquecornu.ch\\\/fr\\\/\",\"name\":\"La Fabrique Cornu\",\"description\":\"\",\"publisher\":{\"@id\":\"https:\\\/\\\/shop-ch.lafabriquecornu.ch\\\/fr\\\/#organization\"},\"potentialAction\":[{\"@type\":\"SearchAction\",\"target\":{\"@type\":\"EntryPoint\",\"urlTemplate\":\"https:\\\/\\\/shop-ch.lafabriquecornu.ch\\\/fr\\\/?s={search_term_string}\"},\"query-input\":{\"@type\":\"PropertyValueSpecification\",\"valueRequired\":true,\"valueName\":\"search_term_string\"}}],\"inLanguage\":\"fr-FR\"},{\"@type\":\"Organization\",\"@id\":\"https:\\\/\\\/shop-ch.lafabriquecornu.ch\\\/fr\\\/#organization\",\"name\":\"La Fabrique Cornu\",\"url\":\"https:\\\/\\\/shop-ch.lafabriquecornu.ch\\\/fr\\\/\",\"logo\":{\"@type\":\"ImageObject\",\"inLanguage\":\"fr-FR\",\"@id\":\"https:\\\/\\\/shop-ch.lafabriquecornu.ch\\\/fr\\\/#\\\/schema\\\/logo\\\/image\\\/\",\"url\":\"https:\\\/\\\/shop-ch.lafabriquecornu.ch\\\/wp-content\\\/uploads\\\/lafabrique-logo.svg\",\"contentUrl\":\"https:\\\/\\\/shop-ch.lafabriquecornu.ch\\\/wp-content\\\/uploads\\\/lafabrique-logo.svg\",\"width\":1,\"height\":1,\"caption\":\"La Fabrique Cornu\"},\"image\":{\"@id\":\"https:\\\/\\\/shop-ch.lafabriquecornu.ch\\\/fr\\\/#\\\/schema\\\/logo\\\/image\\\/\"},\"sameAs\":[\"https:\\\/\\\/facebook.com\\\/lafabriquecornu\",\"https:\\\/\\\/www.instagram.com\\\/lafabriquech\",\"https:\\\/\\\/www.youtube.com\\\/@lafabrique-museeinteractif4254\"]}]}<\/script>\n<!-- \/ Yoast SEO plugin. -->","yoast_head_json":{"title":"Atelier cornets \u00e0 la cr\u00e8me - 21.05.26 - La Fabrique Cornu Shop Suisse","description":"Apprenez \u00e0 r\u00e9aliser des cornets \u00e0 la cr\u00e8me maison : p\u00e2te feuillet\u00e9e croustillante et cr\u00e8me p\u00e2tissi\u00e8re onctueuse. Atelier pratique et convivial.","robots":{"index":"index","follow":"follow","max-snippet":"max-snippet:-1","max-image-preview":"max-image-preview:large","max-video-preview":"max-video-preview:-1"},"canonical":"https:\/\/shop-ch.lafabriquecornu.ch\/fr\/produit\/atelier-cornets-a-la-creme-31-05-25\/","og_locale":"fr_FR","og_type":"article","og_title":"Atelier cornets \u00e0 la cr\u00e8me - 21.05.26 - La Fabrique Cornu Shop Suisse","og_description":"Apprenez \u00e0 r\u00e9aliser des cornets \u00e0 la cr\u00e8me maison : p\u00e2te feuillet\u00e9e croustillante et cr\u00e8me p\u00e2tissi\u00e8re onctueuse. Atelier pratique et convivial.","og_url":"https:\/\/shop-ch.lafabriquecornu.ch\/fr\/produit\/atelier-cornets-a-la-creme-31-05-25\/","og_site_name":"La Fabrique Cornu Shop Suisse","article_publisher":"https:\/\/facebook.com\/lafabriquecornu","article_modified_time":"2026-04-18T10:52:38+00:00","og_image":[{"width":800,"height":900,"url":"https:\/\/shop-ch.lafabriquecornu.ch\/wp-content\/uploads\/lafabrique-atelier-1h-cornets.webp","type":"image\/webp"}],"twitter_card":"summary_large_image","twitter_misc":{"Dur\u00e9e de lecture estim\u00e9e":"1 minute"},"schema":{"@context":"https:\/\/schema.org","@graph":[{"@type":"WebPage","@id":"https:\/\/shop-ch.lafabriquecornu.ch\/fr\/produit\/atelier-cornets-a-la-creme-31-05-25\/","url":"https:\/\/shop-ch.lafabriquecornu.ch\/fr\/produit\/atelier-cornets-a-la-creme-31-05-25\/","name":"Atelier cornets \u00e0 la cr\u00e8me - 21.05.26 - La Fabrique Cornu Shop Suisse","isPartOf":{"@id":"https:\/\/shop-ch.lafabriquecornu.ch\/fr\/#website"},"primaryImageOfPage":{"@id":"https:\/\/shop-ch.lafabriquecornu.ch\/fr\/produit\/atelier-cornets-a-la-creme-31-05-25\/#primaryimage"},"image":{"@id":"https:\/\/shop-ch.lafabriquecornu.ch\/fr\/produit\/atelier-cornets-a-la-creme-31-05-25\/#primaryimage"},"thumbnailUrl":"https:\/\/shop-ch.lafabriquecornu.ch\/wp-content\/uploads\/lafabrique-atelier-1h-cornets.webp","datePublished":"2025-03-19T15:40:08+00:00","dateModified":"2026-04-18T10:52:38+00:00","description":"Apprenez \u00e0 r\u00e9aliser des cornets \u00e0 la cr\u00e8me maison : p\u00e2te feuillet\u00e9e croustillante et cr\u00e8me p\u00e2tissi\u00e8re onctueuse. Atelier pratique et convivial.","breadcrumb":{"@id":"https:\/\/shop-ch.lafabriquecornu.ch\/fr\/produit\/atelier-cornets-a-la-creme-31-05-25\/#breadcrumb"},"inLanguage":"fr-FR","potentialAction":[{"@type":"ReadAction","target":["https:\/\/shop-ch.lafabriquecornu.ch\/fr\/produit\/atelier-cornets-a-la-creme-31-05-25\/"]}]},{"@type":"ImageObject","inLanguage":"fr-FR","@id":"https:\/\/shop-ch.lafabriquecornu.ch\/fr\/produit\/atelier-cornets-a-la-creme-31-05-25\/#primaryimage","url":"https:\/\/shop-ch.lafabriquecornu.ch\/wp-content\/uploads\/lafabrique-atelier-1h-cornets.webp","contentUrl":"https:\/\/shop-ch.lafabriquecornu.ch\/wp-content\/uploads\/lafabrique-atelier-1h-cornets.webp","width":800,"height":900,"caption":"Atelier La Fabrique de 1h sur le th\u00e8me des cornets \u00e0 la cr\u00e8me"},{"@type":"BreadcrumbList","@id":"https:\/\/shop-ch.lafabriquecornu.ch\/fr\/produit\/atelier-cornets-a-la-creme-31-05-25\/#breadcrumb","itemListElement":[{"@type":"ListItem","position":1,"name":"Accueil","item":"https:\/\/shop-ch.lafabriquecornu.ch\/fr\/"},{"@type":"ListItem","position":2,"name":"Tous les produits","item":"https:\/\/shop-ch.lafabriquecornu.ch\/fr\/boutique\/"},{"@type":"ListItem","position":3,"name":"Atelier cornets \u00e0 la cr\u00e8me &#8211; 21.05.26"}]},{"@type":"WebSite","@id":"https:\/\/shop-ch.lafabriquecornu.ch\/fr\/#website","url":"https:\/\/shop-ch.lafabriquecornu.ch\/fr\/","name":"La Fabrique Cornu","description":"","publisher":{"@id":"https:\/\/shop-ch.lafabriquecornu.ch\/fr\/#organization"},"potentialAction":[{"@type":"SearchAction","target":{"@type":"EntryPoint","urlTemplate":"https:\/\/shop-ch.lafabriquecornu.ch\/fr\/?s={search_term_string}"},"query-input":{"@type":"PropertyValueSpecification","valueRequired":true,"valueName":"search_term_string"}}],"inLanguage":"fr-FR"},{"@type":"Organization","@id":"https:\/\/shop-ch.lafabriquecornu.ch\/fr\/#organization","name":"La Fabrique Cornu","url":"https:\/\/shop-ch.lafabriquecornu.ch\/fr\/","logo":{"@type":"ImageObject","inLanguage":"fr-FR","@id":"https:\/\/shop-ch.lafabriquecornu.ch\/fr\/#\/schema\/logo\/image\/","url":"https:\/\/shop-ch.lafabriquecornu.ch\/wp-content\/uploads\/lafabrique-logo.svg","contentUrl":"https:\/\/shop-ch.lafabriquecornu.ch\/wp-content\/uploads\/lafabrique-logo.svg","width":1,"height":1,"caption":"La Fabrique Cornu"},"image":{"@id":"https:\/\/shop-ch.lafabriquecornu.ch\/fr\/#\/schema\/logo\/image\/"},"sameAs":["https:\/\/facebook.com\/lafabriquecornu","https:\/\/www.instagram.com\/lafabriquech","https:\/\/www.youtube.com\/@lafabrique-museeinteractif4254"]}]}},"_links":{"self":[{"href":"https:\/\/shop-ch.lafabriquecornu.ch\/fr\/wp-json\/wp\/v2\/product\/5219","targetHints":{"allow":["GET"]}}],"collection":[{"href":"https:\/\/shop-ch.lafabriquecornu.ch\/fr\/wp-json\/wp\/v2\/product"}],"about":[{"href":"https:\/\/shop-ch.lafabriquecornu.ch\/fr\/wp-json\/wp\/v2\/types\/product"}],"wp:featuredmedia":[{"embeddable":true,"href":"https:\/\/shop-ch.lafabriquecornu.ch\/fr\/wp-json\/wp\/v2\/media\/1203"}],"wp:attachment":[{"href":"https:\/\/shop-ch.lafabriquecornu.ch\/fr\/wp-json\/wp\/v2\/media?parent=5219"}],"wp:term":[{"taxonomy":"product_brand","embeddable":true,"href":"https:\/\/shop-ch.lafabriquecornu.ch\/fr\/wp-json\/wp\/v2\/product_brand?post=5219"},{"taxonomy":"product_cat","embeddable":true,"href":"https:\/\/shop-ch.lafabriquecornu.ch\/fr\/wp-json\/wp\/v2\/product_cat?post=5219"},{"taxonomy":"product_tag","embeddable":true,"href":"https:\/\/shop-ch.lafabriquecornu.ch\/fr\/wp-json\/wp\/v2\/product_tag?post=5219"},{"taxonomy":"giftcard-category","embeddable":true,"href":"https:\/\/shop-ch.lafabriquecornu.ch\/fr\/wp-json\/wp\/v2\/giftcard-category?post=5219"}],"curies":[{"name":"wp","href":"https:\/\/api.w.org\/{rel}","templated":true}]}}