{"id":4323,"date":"2024-12-03T08:08:24","date_gmt":"2024-12-03T07:08:24","guid":{"rendered":"https:\/\/shop-ch.lafabriquecornu.ch\/?post_type=product&#038;p=4323"},"modified":"2026-04-18T13:10:30","modified_gmt":"2026-04-18T11:10:30","slug":"cheesecake-au-chocolat-atelier","status":"publish","type":"product","link":"https:\/\/shop-ch.lafabriquecornu.ch\/fr\/produit\/cheesecake-au-chocolat-atelier\/","title":{"rendered":"Cheesecake au chocolat &#8211; 23.05.26"},"content":{"rendered":"","protected":false},"excerpt":{"rendered":"<p>INITIEZ-VOUS AUX TECHNIQUES DE LA P\u00c2TISSERIE<\/p>\n<p class=\"p1\">Apprenez \u00e0 r\u00e9aliser un cheesecake chocolat parfaitement \u00e9quilibr\u00e9, entre fond croustillant et cr\u00e8me onctueuse.<\/p>\n<p class=\"p1\">Au cours de cet atelier, vous ma\u00eetrisez les \u00e9tapes cl\u00e9s : pr\u00e9paration d\u2019un <strong>crumble dor\u00e9<\/strong>, r\u00e9alisation d\u2019une <strong>base fondante<\/strong> et travail d\u2019une <strong>masse cheesecake lisse<\/strong> et stable.<\/p>\n<p class=\"p1\">Guid\u00e9 pas \u00e0 pas, vous d\u00e9couvrez les bons gestes et les astuces pour obtenir une texture cr\u00e9meuse et un r\u00e9sultat net au dressage.<\/p>\n<p class=\"p1\">Un atelier id\u00e9al pour progresser techniquement tout en r\u00e9alisant un dessert gourmand et \u00e9l\u00e9gant.<\/p>\n<p><strong>Date:<\/strong> samedi 23 mai 2026 <strong><br \/>\n<\/strong><strong>Heure: <\/strong>15h00<\/p>\n<p><strong>Dur\u00e9e :<\/strong> 1h30<\/p>\n","protected":false},"featured_media":4317,"template":"","meta":[],"product_brand":[],"product_cat":[19,21],"product_tag":[],"giftcard-category":[],"class_list":{"0":"post-4323","1":"product","2":"type-product","3":"status-publish","4":"has-post-thumbnail","6":"product_cat-ateliers","7":"product_cat-idees-cadeaux","8":"product_shipping_class-virtuel","10":"first","11":"instock","12":"taxable","13":"shipping-taxable","14":"purchasable","15":"product-type-variable","16":"has-default-attributes"},"yoast_head":"<!-- This site is optimized with the Yoast SEO plugin v27.4 - https:\/\/yoast.com\/product\/yoast-seo-wordpress\/ -->\n<title>Cheesecake au chocolat - 23.05.26 - La Fabrique Cornu Shop Suisse<\/title>\n<meta name=\"description\" content=\"R\u00e9alisez un cheesecake chocolat gourmand : base crumble croustillante, cr\u00e8me onctueuse et finition cacao. Atelier technique et accessible.\" \/>\n<meta name=\"robots\" content=\"index, follow, max-snippet:-1, max-image-preview:large, max-video-preview:-1\" \/>\n<link rel=\"canonical\" href=\"https:\/\/shop-ch.lafabriquecornu.ch\/fr\/produit\/cheesecake-au-chocolat-atelier\/\" \/>\n<meta property=\"og:locale\" content=\"fr_FR\" \/>\n<meta property=\"og:type\" content=\"article\" \/>\n<meta property=\"og:title\" content=\"Cheesecake au chocolat - 23.05.26 - La Fabrique Cornu Shop Suisse\" \/>\n<meta property=\"og:description\" content=\"R\u00e9alisez un cheesecake chocolat gourmand : base crumble croustillante, cr\u00e8me onctueuse et finition cacao. Atelier technique et accessible.\" \/>\n<meta property=\"og:url\" content=\"https:\/\/shop-ch.lafabriquecornu.ch\/fr\/produit\/cheesecake-au-chocolat-atelier\/\" \/>\n<meta property=\"og:site_name\" content=\"La Fabrique Cornu Shop Suisse\" \/>\n<meta property=\"article:publisher\" content=\"https:\/\/facebook.com\/lafabriquecornu\" \/>\n<meta property=\"article:modified_time\" content=\"2026-04-18T11:10:30+00:00\" \/>\n<meta property=\"og:image\" content=\"https:\/\/shop-ch.lafabriquecornu.ch\/wp-content\/uploads\/lafabrique-atelier-1h30-cheesecake_chocolat.webp\" \/>\n\t<meta property=\"og:image:width\" content=\"800\" \/>\n\t<meta property=\"og:image:height\" content=\"900\" \/>\n\t<meta property=\"og:image:type\" content=\"image\/webp\" \/>\n<meta name=\"twitter:card\" content=\"summary_large_image\" \/>\n<meta name=\"twitter:label1\" content=\"Dur\u00e9e de lecture estim\u00e9e\" \/>\n\t<meta name=\"twitter:data1\" content=\"1 minute\" \/>\n<script type=\"application\/ld+json\" class=\"yoast-schema-graph\">{\"@context\":\"https:\\\/\\\/schema.org\",\"@graph\":[{\"@type\":\"WebPage\",\"@id\":\"https:\\\/\\\/shop-ch.lafabriquecornu.ch\\\/fr\\\/produit\\\/cheesecake-au-chocolat-atelier\\\/\",\"url\":\"https:\\\/\\\/shop-ch.lafabriquecornu.ch\\\/fr\\\/produit\\\/cheesecake-au-chocolat-atelier\\\/\",\"name\":\"Cheesecake au chocolat - 23.05.26 - La Fabrique Cornu Shop Suisse\",\"isPartOf\":{\"@id\":\"https:\\\/\\\/shop-ch.lafabriquecornu.ch\\\/fr\\\/#website\"},\"primaryImageOfPage\":{\"@id\":\"https:\\\/\\\/shop-ch.lafabriquecornu.ch\\\/fr\\\/produit\\\/cheesecake-au-chocolat-atelier\\\/#primaryimage\"},\"image\":{\"@id\":\"https:\\\/\\\/shop-ch.lafabriquecornu.ch\\\/fr\\\/produit\\\/cheesecake-au-chocolat-atelier\\\/#primaryimage\"},\"thumbnailUrl\":\"https:\\\/\\\/shop-ch.lafabriquecornu.ch\\\/wp-content\\\/uploads\\\/lafabrique-atelier-1h30-cheesecake_chocolat.webp\",\"datePublished\":\"2024-12-03T07:08:24+00:00\",\"dateModified\":\"2026-04-18T11:10:30+00:00\",\"description\":\"R\u00e9alisez un cheesecake chocolat gourmand : base crumble croustillante, cr\u00e8me onctueuse et finition cacao. Atelier technique et accessible.\",\"breadcrumb\":{\"@id\":\"https:\\\/\\\/shop-ch.lafabriquecornu.ch\\\/fr\\\/produit\\\/cheesecake-au-chocolat-atelier\\\/#breadcrumb\"},\"inLanguage\":\"fr-FR\",\"potentialAction\":[{\"@type\":\"ReadAction\",\"target\":[\"https:\\\/\\\/shop-ch.lafabriquecornu.ch\\\/fr\\\/produit\\\/cheesecake-au-chocolat-atelier\\\/\"]}]},{\"@type\":\"ImageObject\",\"inLanguage\":\"fr-FR\",\"@id\":\"https:\\\/\\\/shop-ch.lafabriquecornu.ch\\\/fr\\\/produit\\\/cheesecake-au-chocolat-atelier\\\/#primaryimage\",\"url\":\"https:\\\/\\\/shop-ch.lafabriquecornu.ch\\\/wp-content\\\/uploads\\\/lafabrique-atelier-1h30-cheesecake_chocolat.webp\",\"contentUrl\":\"https:\\\/\\\/shop-ch.lafabriquecornu.ch\\\/wp-content\\\/uploads\\\/lafabrique-atelier-1h30-cheesecake_chocolat.webp\",\"width\":800,\"height\":900},{\"@type\":\"BreadcrumbList\",\"@id\":\"https:\\\/\\\/shop-ch.lafabriquecornu.ch\\\/fr\\\/produit\\\/cheesecake-au-chocolat-atelier\\\/#breadcrumb\",\"itemListElement\":[{\"@type\":\"ListItem\",\"position\":1,\"name\":\"Accueil\",\"item\":\"https:\\\/\\\/shop-ch.lafabriquecornu.ch\\\/fr\\\/\"},{\"@type\":\"ListItem\",\"position\":2,\"name\":\"Tous les produits\",\"item\":\"https:\\\/\\\/shop-ch.lafabriquecornu.ch\\\/fr\\\/boutique\\\/\"},{\"@type\":\"ListItem\",\"position\":3,\"name\":\"Cheesecake au chocolat &#8211; 23.05.26\"}]},{\"@type\":\"WebSite\",\"@id\":\"https:\\\/\\\/shop-ch.lafabriquecornu.ch\\\/fr\\\/#website\",\"url\":\"https:\\\/\\\/shop-ch.lafabriquecornu.ch\\\/fr\\\/\",\"name\":\"La Fabrique Cornu\",\"description\":\"\",\"publisher\":{\"@id\":\"https:\\\/\\\/shop-ch.lafabriquecornu.ch\\\/fr\\\/#organization\"},\"potentialAction\":[{\"@type\":\"SearchAction\",\"target\":{\"@type\":\"EntryPoint\",\"urlTemplate\":\"https:\\\/\\\/shop-ch.lafabriquecornu.ch\\\/fr\\\/?s={search_term_string}\"},\"query-input\":{\"@type\":\"PropertyValueSpecification\",\"valueRequired\":true,\"valueName\":\"search_term_string\"}}],\"inLanguage\":\"fr-FR\"},{\"@type\":\"Organization\",\"@id\":\"https:\\\/\\\/shop-ch.lafabriquecornu.ch\\\/fr\\\/#organization\",\"name\":\"La Fabrique Cornu\",\"url\":\"https:\\\/\\\/shop-ch.lafabriquecornu.ch\\\/fr\\\/\",\"logo\":{\"@type\":\"ImageObject\",\"inLanguage\":\"fr-FR\",\"@id\":\"https:\\\/\\\/shop-ch.lafabriquecornu.ch\\\/fr\\\/#\\\/schema\\\/logo\\\/image\\\/\",\"url\":\"https:\\\/\\\/shop-ch.lafabriquecornu.ch\\\/wp-content\\\/uploads\\\/lafabrique-logo.svg\",\"contentUrl\":\"https:\\\/\\\/shop-ch.lafabriquecornu.ch\\\/wp-content\\\/uploads\\\/lafabrique-logo.svg\",\"width\":1,\"height\":1,\"caption\":\"La Fabrique Cornu\"},\"image\":{\"@id\":\"https:\\\/\\\/shop-ch.lafabriquecornu.ch\\\/fr\\\/#\\\/schema\\\/logo\\\/image\\\/\"},\"sameAs\":[\"https:\\\/\\\/facebook.com\\\/lafabriquecornu\",\"https:\\\/\\\/www.instagram.com\\\/lafabriquech\",\"https:\\\/\\\/www.youtube.com\\\/@lafabrique-museeinteractif4254\"]}]}<\/script>\n<!-- \/ Yoast SEO plugin. -->","yoast_head_json":{"title":"Cheesecake au chocolat - 23.05.26 - La Fabrique Cornu Shop Suisse","description":"R\u00e9alisez un cheesecake chocolat gourmand : base crumble croustillante, cr\u00e8me onctueuse et finition cacao. Atelier technique et accessible.","robots":{"index":"index","follow":"follow","max-snippet":"max-snippet:-1","max-image-preview":"max-image-preview:large","max-video-preview":"max-video-preview:-1"},"canonical":"https:\/\/shop-ch.lafabriquecornu.ch\/fr\/produit\/cheesecake-au-chocolat-atelier\/","og_locale":"fr_FR","og_type":"article","og_title":"Cheesecake au chocolat - 23.05.26 - La Fabrique Cornu Shop Suisse","og_description":"R\u00e9alisez un cheesecake chocolat gourmand : base crumble croustillante, cr\u00e8me onctueuse et finition cacao. Atelier technique et accessible.","og_url":"https:\/\/shop-ch.lafabriquecornu.ch\/fr\/produit\/cheesecake-au-chocolat-atelier\/","og_site_name":"La Fabrique Cornu Shop Suisse","article_publisher":"https:\/\/facebook.com\/lafabriquecornu","article_modified_time":"2026-04-18T11:10:30+00:00","og_image":[{"width":800,"height":900,"url":"https:\/\/shop-ch.lafabriquecornu.ch\/wp-content\/uploads\/lafabrique-atelier-1h30-cheesecake_chocolat.webp","type":"image\/webp"}],"twitter_card":"summary_large_image","twitter_misc":{"Dur\u00e9e de lecture estim\u00e9e":"1 minute"},"schema":{"@context":"https:\/\/schema.org","@graph":[{"@type":"WebPage","@id":"https:\/\/shop-ch.lafabriquecornu.ch\/fr\/produit\/cheesecake-au-chocolat-atelier\/","url":"https:\/\/shop-ch.lafabriquecornu.ch\/fr\/produit\/cheesecake-au-chocolat-atelier\/","name":"Cheesecake au chocolat - 23.05.26 - La Fabrique Cornu Shop Suisse","isPartOf":{"@id":"https:\/\/shop-ch.lafabriquecornu.ch\/fr\/#website"},"primaryImageOfPage":{"@id":"https:\/\/shop-ch.lafabriquecornu.ch\/fr\/produit\/cheesecake-au-chocolat-atelier\/#primaryimage"},"image":{"@id":"https:\/\/shop-ch.lafabriquecornu.ch\/fr\/produit\/cheesecake-au-chocolat-atelier\/#primaryimage"},"thumbnailUrl":"https:\/\/shop-ch.lafabriquecornu.ch\/wp-content\/uploads\/lafabrique-atelier-1h30-cheesecake_chocolat.webp","datePublished":"2024-12-03T07:08:24+00:00","dateModified":"2026-04-18T11:10:30+00:00","description":"R\u00e9alisez un cheesecake chocolat gourmand : base crumble croustillante, cr\u00e8me onctueuse et finition cacao. Atelier technique et accessible.","breadcrumb":{"@id":"https:\/\/shop-ch.lafabriquecornu.ch\/fr\/produit\/cheesecake-au-chocolat-atelier\/#breadcrumb"},"inLanguage":"fr-FR","potentialAction":[{"@type":"ReadAction","target":["https:\/\/shop-ch.lafabriquecornu.ch\/fr\/produit\/cheesecake-au-chocolat-atelier\/"]}]},{"@type":"ImageObject","inLanguage":"fr-FR","@id":"https:\/\/shop-ch.lafabriquecornu.ch\/fr\/produit\/cheesecake-au-chocolat-atelier\/#primaryimage","url":"https:\/\/shop-ch.lafabriquecornu.ch\/wp-content\/uploads\/lafabrique-atelier-1h30-cheesecake_chocolat.webp","contentUrl":"https:\/\/shop-ch.lafabriquecornu.ch\/wp-content\/uploads\/lafabrique-atelier-1h30-cheesecake_chocolat.webp","width":800,"height":900},{"@type":"BreadcrumbList","@id":"https:\/\/shop-ch.lafabriquecornu.ch\/fr\/produit\/cheesecake-au-chocolat-atelier\/#breadcrumb","itemListElement":[{"@type":"ListItem","position":1,"name":"Accueil","item":"https:\/\/shop-ch.lafabriquecornu.ch\/fr\/"},{"@type":"ListItem","position":2,"name":"Tous les produits","item":"https:\/\/shop-ch.lafabriquecornu.ch\/fr\/boutique\/"},{"@type":"ListItem","position":3,"name":"Cheesecake au chocolat &#8211; 23.05.26"}]},{"@type":"WebSite","@id":"https:\/\/shop-ch.lafabriquecornu.ch\/fr\/#website","url":"https:\/\/shop-ch.lafabriquecornu.ch\/fr\/","name":"La Fabrique Cornu","description":"","publisher":{"@id":"https:\/\/shop-ch.lafabriquecornu.ch\/fr\/#organization"},"potentialAction":[{"@type":"SearchAction","target":{"@type":"EntryPoint","urlTemplate":"https:\/\/shop-ch.lafabriquecornu.ch\/fr\/?s={search_term_string}"},"query-input":{"@type":"PropertyValueSpecification","valueRequired":true,"valueName":"search_term_string"}}],"inLanguage":"fr-FR"},{"@type":"Organization","@id":"https:\/\/shop-ch.lafabriquecornu.ch\/fr\/#organization","name":"La Fabrique Cornu","url":"https:\/\/shop-ch.lafabriquecornu.ch\/fr\/","logo":{"@type":"ImageObject","inLanguage":"fr-FR","@id":"https:\/\/shop-ch.lafabriquecornu.ch\/fr\/#\/schema\/logo\/image\/","url":"https:\/\/shop-ch.lafabriquecornu.ch\/wp-content\/uploads\/lafabrique-logo.svg","contentUrl":"https:\/\/shop-ch.lafabriquecornu.ch\/wp-content\/uploads\/lafabrique-logo.svg","width":1,"height":1,"caption":"La Fabrique Cornu"},"image":{"@id":"https:\/\/shop-ch.lafabriquecornu.ch\/fr\/#\/schema\/logo\/image\/"},"sameAs":["https:\/\/facebook.com\/lafabriquecornu","https:\/\/www.instagram.com\/lafabriquech","https:\/\/www.youtube.com\/@lafabrique-museeinteractif4254"]}]}},"_links":{"self":[{"href":"https:\/\/shop-ch.lafabriquecornu.ch\/fr\/wp-json\/wp\/v2\/product\/4323","targetHints":{"allow":["GET"]}}],"collection":[{"href":"https:\/\/shop-ch.lafabriquecornu.ch\/fr\/wp-json\/wp\/v2\/product"}],"about":[{"href":"https:\/\/shop-ch.lafabriquecornu.ch\/fr\/wp-json\/wp\/v2\/types\/product"}],"wp:featuredmedia":[{"embeddable":true,"href":"https:\/\/shop-ch.lafabriquecornu.ch\/fr\/wp-json\/wp\/v2\/media\/4317"}],"wp:attachment":[{"href":"https:\/\/shop-ch.lafabriquecornu.ch\/fr\/wp-json\/wp\/v2\/media?parent=4323"}],"wp:term":[{"taxonomy":"product_brand","embeddable":true,"href":"https:\/\/shop-ch.lafabriquecornu.ch\/fr\/wp-json\/wp\/v2\/product_brand?post=4323"},{"taxonomy":"product_cat","embeddable":true,"href":"https:\/\/shop-ch.lafabriquecornu.ch\/fr\/wp-json\/wp\/v2\/product_cat?post=4323"},{"taxonomy":"product_tag","embeddable":true,"href":"https:\/\/shop-ch.lafabriquecornu.ch\/fr\/wp-json\/wp\/v2\/product_tag?post=4323"},{"taxonomy":"giftcard-category","embeddable":true,"href":"https:\/\/shop-ch.lafabriquecornu.ch\/fr\/wp-json\/wp\/v2\/giftcard-category?post=4323"}],"curies":[{"name":"wp","href":"https:\/\/api.w.org\/{rel}","templated":true}]}}