{"id":1701,"date":"2024-03-04T10:33:15","date_gmt":"2024-03-04T09:33:15","guid":{"rendered":"https:\/\/shop-ch.lafabriquecornu.ch\/?post_type=product&#038;p=1701"},"modified":"2026-03-31T18:55:16","modified_gmt":"2026-03-31T16:55:16","slug":"zwieback-sans-gluten","status":"publish","type":"product","link":"https:\/\/shop-ch.lafabriquecornu.ch\/fr\/produit\/zwieback-sans-gluten\/","title":{"rendered":"Zwieback sans gluten"},"content":{"rendered":"<div class=\"wp-block-ub-content-toggle padding-top-l wp-block-ub-content-toggle-block\" id=\"ub-content-toggle-block-e759ea17-ae93-4c3f-ad57-810159a66aac\" data-mobilecollapse=\"true\" data-desktopcollapse=\"true\" data-preventcollapse=\"false\" data-showonlyone=\"false\">\n<div class=\"wp-block-ub-content-toggle-accordion\" style=\"border-color: #f1f1f1; \" id=\"ub-content-toggle-panel-block-40db965b-1b73-4a5d-bb1b-44d5da21e8d9\">\n\t\t\t<div class=\"wp-block-ub-content-toggle-accordion-title-wrap\" style=\"background-color: #f1f1f1;\" aria-controls=\"ub-content-toggle-panel-0-e759ea17-ae93-4c3f-ad57-810159a66aac\" tabindex=\"0\">\n\t\t\t<p class=\"wp-block-ub-content-toggle-accordion-title ub-content-toggle-title-e759ea17-ae93-4c3f-ad57-810159a66aac\" style=\"color: #000000; \">INGR\u00e9DIENTS<\/p>\n\t\t\t<div class=\"wp-block-ub-content-toggle-accordion-toggle-wrap right\" style=\"color: #000000;\"><span class=\"wp-block-ub-content-toggle-accordion-state-indicator wp-block-ub-chevron-down\"><\/span><\/div>\n\t\t<\/div>\n\t\t\t<div role=\"region\" aria-expanded=\"false\" class=\"wp-block-ub-content-toggle-accordion-content-wrap ub-hide\" id=\"ub-content-toggle-panel-0-e759ea17-ae93-4c3f-ad57-810159a66aac\">\n\n<div class=\"wp-block-columns is-layout-flex wp-container-core-columns-is-layout-9d6595d7 wp-block-columns-is-layout-flex\">\n<div class=\"wp-block-column is-layout-flow wp-block-column-is-layout-flow\">\n<p>Amidon de ma\u00efs, amidon de pomme de terre, sucre, huile de tournesol, fibres v\u00e9g\u00e9tales (pois, riz, pomme de terre, psyllium), levure, farine de riz, \u00e9mulsifiant : mono- et diglyc\u00e9rides d\u2019acides gras, \u00e9paississant : hydroxypropylm\u00e9thylcellulose, farine de pois, ar\u00f4me naturel, farine de millet, farine compl\u00e8te de lin, farine de sarrasin, sel.<\/p>\n<\/div>\n<\/div>\n\n<\/div>\n\t\t<\/div>\n\n<div class=\"wp-block-ub-content-toggle-accordion\" style=\"border-color: #f1f1f1; \" id=\"ub-content-toggle-panel-block-4720883b-1f27-4092-b767-1a5e344829b4\">\n\t\t\t<div class=\"wp-block-ub-content-toggle-accordion-title-wrap\" style=\"background-color: #f1f1f1;\" aria-controls=\"ub-content-toggle-panel-1-e759ea17-ae93-4c3f-ad57-810159a66aac\" tabindex=\"0\">\n\t\t\t<p class=\"wp-block-ub-content-toggle-accordion-title ub-content-toggle-title-e759ea17-ae93-4c3f-ad57-810159a66aac\" style=\"color: #000000; \">DONN\u00c9ES NUTRITIONNELLES<\/p>\n\t\t\t<div class=\"wp-block-ub-content-toggle-accordion-toggle-wrap right\" style=\"color: #000000;\"><span class=\"wp-block-ub-content-toggle-accordion-state-indicator wp-block-ub-chevron-down\"><\/span><\/div>\n\t\t<\/div>\n\t\t\t<div role=\"region\" aria-expanded=\"false\" class=\"wp-block-ub-content-toggle-accordion-content-wrap ub-hide\" id=\"ub-content-toggle-panel-1-e759ea17-ae93-4c3f-ad57-810159a66aac\">\n\n<figure class=\"wp-block-table\"><table><tbody><tr><th class=\"has-text-align-left\" data-align=\"left\"><strong>Valeurs \u00e9nerg\u00e9tiques et nutritionnelles\u00a0moyennes<\/strong><\/th><th class=\"has-text-align-left\" data-align=\"left\">100g<\/th><th class=\"has-text-align-left\" data-align=\"left\">8.5g<\/th><td><strong>AR*<\/strong><\/td><\/tr><tr><td class=\"has-text-align-left\" data-align=\"left\">Valeur \u00e9nerg\u00e9tique (kJ) \/ (kcal)<\/td><td class=\"has-text-align-left\" data-align=\"left\">1732\/411<\/td><td class=\"has-text-align-left\" data-align=\"left\">147\/35<\/td><td>2%<\/td><\/tr><tr><td class=\"has-text-align-left\" data-align=\"left\">Mati\u00e8res grasses\u00a0(g)<\/td><td class=\"has-text-align-left\" data-align=\"left\">9.4<\/td><td class=\"has-text-align-left\" data-align=\"left\">0.8<\/td><td>1%<\/td><\/tr><tr><td class=\"has-text-align-left\" data-align=\"left\">dont acides gras satur\u00e9s\u00a0(g)<\/td><td class=\"has-text-align-left\" data-align=\"left\">1<\/td><td class=\"has-text-align-left\" data-align=\"left\">0.1<\/td><td>0%<\/td><\/tr><tr><td class=\"has-text-align-left\" data-align=\"left\">Glucides\u00a0(g)<\/td><td class=\"has-text-align-left\" data-align=\"left\">72<\/td><td class=\"has-text-align-left\" data-align=\"left\">6.1<\/td><td>2%<\/td><\/tr><tr><td class=\"has-text-align-left\" data-align=\"left\">dont sucres\u00a0(g)<\/td><td class=\"has-text-align-left\" data-align=\"left\">11<\/td><td class=\"has-text-align-left\" data-align=\"left\">0.9<\/td><td>1%<\/td><\/tr><tr><td class=\"has-text-align-left\" data-align=\"left\">Fibres alimentaires\u00a0(g)<\/td><td class=\"has-text-align-left\" data-align=\"left\">6.8<\/td><td class=\"has-text-align-left\" data-align=\"left\">0.6<\/td><td>\u2013<\/td><\/tr><tr><td class=\"has-text-align-left\" data-align=\"left\">Prot\u00e9ines\u00a0(g)<\/td><td class=\"has-text-align-left\" data-align=\"left\">6.2<\/td><td class=\"has-text-align-left\" data-align=\"left\">0.5<\/td><td>1%<\/td><\/tr><tr><td class=\"has-text-align-left\" data-align=\"left\">Sel\u00a0(g)<\/td><td class=\"has-text-align-left\" data-align=\"left\">0.9<\/td><td class=\"has-text-align-left\" data-align=\"left\">0.08<\/td><td>1%<\/td><\/tr><\/tbody><\/table><\/figure>\n\n<\/div>\n\t\t<\/div>\n<\/div>","protected":false},"excerpt":{"rendered":"<p>Le Zwieback sans gluten\u00a0est un classique du petit d\u00e9jeuner. Confectionn\u00e9 dans notre fabrique \u00e0 Morat en Suisse, il est constitu\u00e9 de f\u00e9cule de ma\u00efs et de f\u00e9cule de pomme de terre. Exempt d\u2019huile de palme, il poss\u00e8de un croustillant et un go\u00fbt in\u00e9galables.<\/p>\n<p><strong>Poids:<\/strong> 165g<\/p>\n","protected":false},"featured_media":1692,"template":"","meta":[],"product_brand":[],"product_cat":[53,41,52],"product_tag":[],"giftcard-category":[],"class_list":{"0":"post-1701","1":"product","2":"type-product","3":"status-publish","4":"has-post-thumbnail","6":"product_cat-pains-croustillants","7":"product_cat-sans-gluten","8":"product_cat-zwieback","10":"first","11":"instock","12":"taxable","13":"shipping-taxable","14":"purchasable","15":"product-type-simple"},"yoast_head":"<!-- This site is optimized with the Yoast SEO plugin v27.3 - https:\/\/yoast.com\/product\/yoast-seo-wordpress\/ -->\n<title>Zwieback sans gluten - La Fabrique Cornu Shop Suisse<\/title>\n<meta name=\"description\" content=\"Le Zwieback sans gluten\u00a0est un classique du petit d\u00e9jeuner. Confectionn\u00e9 dans notre fabrique \u00e0 Morat en Suisse, il est constitu\u00e9 de f\u00e9cule de ma\u00efs et de f\u00e9cule de pomme de terre.\" \/>\n<meta name=\"robots\" content=\"index, follow, max-snippet:-1, max-image-preview:large, max-video-preview:-1\" \/>\n<link rel=\"canonical\" href=\"https:\/\/shop-ch.lafabriquecornu.ch\/fr\/produit\/zwieback-sans-gluten\/\" \/>\n<meta property=\"og:locale\" content=\"fr_FR\" \/>\n<meta property=\"og:type\" content=\"article\" \/>\n<meta property=\"og:title\" content=\"Zwieback sans gluten - La Fabrique Cornu Shop Suisse\" \/>\n<meta property=\"og:description\" content=\"Le Zwieback sans gluten\u00a0est un classique du petit d\u00e9jeuner. Confectionn\u00e9 dans notre fabrique \u00e0 Morat en Suisse, il est constitu\u00e9 de f\u00e9cule de ma\u00efs et de f\u00e9cule de pomme de terre.\" \/>\n<meta property=\"og:url\" content=\"https:\/\/shop-ch.lafabriquecornu.ch\/fr\/produit\/zwieback-sans-gluten\/\" \/>\n<meta property=\"og:site_name\" content=\"La Fabrique Cornu Shop Suisse\" \/>\n<meta property=\"article:publisher\" content=\"https:\/\/facebook.com\/lafabriquecornu\" \/>\n<meta property=\"article:modified_time\" content=\"2026-03-31T16:55:16+00:00\" \/>\n<meta property=\"og:image\" content=\"https:\/\/shop-ch.lafabriquecornu.ch\/wp-content\/uploads\/face_zwieback-sans-gluten-pastille.png\" \/>\n\t<meta property=\"og:image:width\" content=\"800\" \/>\n\t<meta property=\"og:image:height\" content=\"900\" \/>\n\t<meta property=\"og:image:type\" content=\"image\/png\" \/>\n<meta name=\"twitter:card\" content=\"summary_large_image\" \/>\n<meta name=\"twitter:label1\" content=\"Dur\u00e9e de lecture estim\u00e9e\" \/>\n\t<meta name=\"twitter:data1\" content=\"1 minute\" \/>\n<script type=\"application\/ld+json\" class=\"yoast-schema-graph\">{\"@context\":\"https:\\\/\\\/schema.org\",\"@graph\":[{\"@type\":\"WebPage\",\"@id\":\"https:\\\/\\\/shop-ch.lafabriquecornu.ch\\\/fr\\\/produit\\\/zwieback-sans-gluten\\\/\",\"url\":\"https:\\\/\\\/shop-ch.lafabriquecornu.ch\\\/fr\\\/produit\\\/zwieback-sans-gluten\\\/\",\"name\":\"Zwieback sans gluten - La Fabrique Cornu Shop Suisse\",\"isPartOf\":{\"@id\":\"https:\\\/\\\/shop-ch.lafabriquecornu.ch\\\/fr\\\/#website\"},\"primaryImageOfPage\":{\"@id\":\"https:\\\/\\\/shop-ch.lafabriquecornu.ch\\\/fr\\\/produit\\\/zwieback-sans-gluten\\\/#primaryimage\"},\"image\":{\"@id\":\"https:\\\/\\\/shop-ch.lafabriquecornu.ch\\\/fr\\\/produit\\\/zwieback-sans-gluten\\\/#primaryimage\"},\"thumbnailUrl\":\"https:\\\/\\\/shop-ch.lafabriquecornu.ch\\\/wp-content\\\/uploads\\\/face_zwieback-sans-gluten-pastille.png\",\"datePublished\":\"2024-03-04T09:33:15+00:00\",\"dateModified\":\"2026-03-31T16:55:16+00:00\",\"description\":\"Le Zwieback sans gluten\u00a0est un classique du petit d\u00e9jeuner. Confectionn\u00e9 dans notre fabrique \u00e0 Morat en Suisse, il est constitu\u00e9 de f\u00e9cule de ma\u00efs et de f\u00e9cule de pomme de terre.\",\"breadcrumb\":{\"@id\":\"https:\\\/\\\/shop-ch.lafabriquecornu.ch\\\/fr\\\/produit\\\/zwieback-sans-gluten\\\/#breadcrumb\"},\"inLanguage\":\"fr-FR\",\"potentialAction\":[{\"@type\":\"ReadAction\",\"target\":[\"https:\\\/\\\/shop-ch.lafabriquecornu.ch\\\/fr\\\/produit\\\/zwieback-sans-gluten\\\/\"]}]},{\"@type\":\"ImageObject\",\"inLanguage\":\"fr-FR\",\"@id\":\"https:\\\/\\\/shop-ch.lafabriquecornu.ch\\\/fr\\\/produit\\\/zwieback-sans-gluten\\\/#primaryimage\",\"url\":\"https:\\\/\\\/shop-ch.lafabriquecornu.ch\\\/wp-content\\\/uploads\\\/face_zwieback-sans-gluten-pastille.png\",\"contentUrl\":\"https:\\\/\\\/shop-ch.lafabriquecornu.ch\\\/wp-content\\\/uploads\\\/face_zwieback-sans-gluten-pastille.png\",\"width\":800,\"height\":900,\"caption\":\"zwieback sans gluten\"},{\"@type\":\"BreadcrumbList\",\"@id\":\"https:\\\/\\\/shop-ch.lafabriquecornu.ch\\\/fr\\\/produit\\\/zwieback-sans-gluten\\\/#breadcrumb\",\"itemListElement\":[{\"@type\":\"ListItem\",\"position\":1,\"name\":\"Accueil\",\"item\":\"https:\\\/\\\/shop-ch.lafabriquecornu.ch\\\/fr\\\/\"},{\"@type\":\"ListItem\",\"position\":2,\"name\":\"Tous les produits\",\"item\":\"https:\\\/\\\/shop-ch.lafabriquecornu.ch\\\/fr\\\/boutique\\\/\"},{\"@type\":\"ListItem\",\"position\":3,\"name\":\"Zwieback sans gluten\"}]},{\"@type\":\"WebSite\",\"@id\":\"https:\\\/\\\/shop-ch.lafabriquecornu.ch\\\/fr\\\/#website\",\"url\":\"https:\\\/\\\/shop-ch.lafabriquecornu.ch\\\/fr\\\/\",\"name\":\"La Fabrique Cornu\",\"description\":\"\",\"publisher\":{\"@id\":\"https:\\\/\\\/shop-ch.lafabriquecornu.ch\\\/fr\\\/#organization\"},\"potentialAction\":[{\"@type\":\"SearchAction\",\"target\":{\"@type\":\"EntryPoint\",\"urlTemplate\":\"https:\\\/\\\/shop-ch.lafabriquecornu.ch\\\/fr\\\/?s={search_term_string}\"},\"query-input\":{\"@type\":\"PropertyValueSpecification\",\"valueRequired\":true,\"valueName\":\"search_term_string\"}}],\"inLanguage\":\"fr-FR\"},{\"@type\":\"Organization\",\"@id\":\"https:\\\/\\\/shop-ch.lafabriquecornu.ch\\\/fr\\\/#organization\",\"name\":\"La Fabrique Cornu\",\"url\":\"https:\\\/\\\/shop-ch.lafabriquecornu.ch\\\/fr\\\/\",\"logo\":{\"@type\":\"ImageObject\",\"inLanguage\":\"fr-FR\",\"@id\":\"https:\\\/\\\/shop-ch.lafabriquecornu.ch\\\/fr\\\/#\\\/schema\\\/logo\\\/image\\\/\",\"url\":\"https:\\\/\\\/shop-ch.lafabriquecornu.ch\\\/wp-content\\\/uploads\\\/lafabrique-logo.svg\",\"contentUrl\":\"https:\\\/\\\/shop-ch.lafabriquecornu.ch\\\/wp-content\\\/uploads\\\/lafabrique-logo.svg\",\"width\":1,\"height\":1,\"caption\":\"La Fabrique Cornu\"},\"image\":{\"@id\":\"https:\\\/\\\/shop-ch.lafabriquecornu.ch\\\/fr\\\/#\\\/schema\\\/logo\\\/image\\\/\"},\"sameAs\":[\"https:\\\/\\\/facebook.com\\\/lafabriquecornu\",\"https:\\\/\\\/www.instagram.com\\\/lafabriquech\",\"https:\\\/\\\/www.youtube.com\\\/@lafabrique-museeinteractif4254\"]}]}<\/script>\n<!-- \/ Yoast SEO plugin. -->","yoast_head_json":{"title":"Zwieback sans gluten - La Fabrique Cornu Shop Suisse","description":"Le Zwieback sans gluten\u00a0est un classique du petit d\u00e9jeuner. Confectionn\u00e9 dans notre fabrique \u00e0 Morat en Suisse, il est constitu\u00e9 de f\u00e9cule de ma\u00efs et de f\u00e9cule de pomme de terre.","robots":{"index":"index","follow":"follow","max-snippet":"max-snippet:-1","max-image-preview":"max-image-preview:large","max-video-preview":"max-video-preview:-1"},"canonical":"https:\/\/shop-ch.lafabriquecornu.ch\/fr\/produit\/zwieback-sans-gluten\/","og_locale":"fr_FR","og_type":"article","og_title":"Zwieback sans gluten - La Fabrique Cornu Shop Suisse","og_description":"Le Zwieback sans gluten\u00a0est un classique du petit d\u00e9jeuner. Confectionn\u00e9 dans notre fabrique \u00e0 Morat en Suisse, il est constitu\u00e9 de f\u00e9cule de ma\u00efs et de f\u00e9cule de pomme de terre.","og_url":"https:\/\/shop-ch.lafabriquecornu.ch\/fr\/produit\/zwieback-sans-gluten\/","og_site_name":"La Fabrique Cornu Shop Suisse","article_publisher":"https:\/\/facebook.com\/lafabriquecornu","article_modified_time":"2026-03-31T16:55:16+00:00","og_image":[{"width":800,"height":900,"url":"https:\/\/shop-ch.lafabriquecornu.ch\/wp-content\/uploads\/face_zwieback-sans-gluten-pastille.png","type":"image\/png"}],"twitter_card":"summary_large_image","twitter_misc":{"Dur\u00e9e de lecture estim\u00e9e":"1 minute"},"schema":{"@context":"https:\/\/schema.org","@graph":[{"@type":"WebPage","@id":"https:\/\/shop-ch.lafabriquecornu.ch\/fr\/produit\/zwieback-sans-gluten\/","url":"https:\/\/shop-ch.lafabriquecornu.ch\/fr\/produit\/zwieback-sans-gluten\/","name":"Zwieback sans gluten - La Fabrique Cornu Shop Suisse","isPartOf":{"@id":"https:\/\/shop-ch.lafabriquecornu.ch\/fr\/#website"},"primaryImageOfPage":{"@id":"https:\/\/shop-ch.lafabriquecornu.ch\/fr\/produit\/zwieback-sans-gluten\/#primaryimage"},"image":{"@id":"https:\/\/shop-ch.lafabriquecornu.ch\/fr\/produit\/zwieback-sans-gluten\/#primaryimage"},"thumbnailUrl":"https:\/\/shop-ch.lafabriquecornu.ch\/wp-content\/uploads\/face_zwieback-sans-gluten-pastille.png","datePublished":"2024-03-04T09:33:15+00:00","dateModified":"2026-03-31T16:55:16+00:00","description":"Le Zwieback sans gluten\u00a0est un classique du petit d\u00e9jeuner. Confectionn\u00e9 dans notre fabrique \u00e0 Morat en Suisse, il est constitu\u00e9 de f\u00e9cule de ma\u00efs et de f\u00e9cule de pomme de terre.","breadcrumb":{"@id":"https:\/\/shop-ch.lafabriquecornu.ch\/fr\/produit\/zwieback-sans-gluten\/#breadcrumb"},"inLanguage":"fr-FR","potentialAction":[{"@type":"ReadAction","target":["https:\/\/shop-ch.lafabriquecornu.ch\/fr\/produit\/zwieback-sans-gluten\/"]}]},{"@type":"ImageObject","inLanguage":"fr-FR","@id":"https:\/\/shop-ch.lafabriquecornu.ch\/fr\/produit\/zwieback-sans-gluten\/#primaryimage","url":"https:\/\/shop-ch.lafabriquecornu.ch\/wp-content\/uploads\/face_zwieback-sans-gluten-pastille.png","contentUrl":"https:\/\/shop-ch.lafabriquecornu.ch\/wp-content\/uploads\/face_zwieback-sans-gluten-pastille.png","width":800,"height":900,"caption":"zwieback sans gluten"},{"@type":"BreadcrumbList","@id":"https:\/\/shop-ch.lafabriquecornu.ch\/fr\/produit\/zwieback-sans-gluten\/#breadcrumb","itemListElement":[{"@type":"ListItem","position":1,"name":"Accueil","item":"https:\/\/shop-ch.lafabriquecornu.ch\/fr\/"},{"@type":"ListItem","position":2,"name":"Tous les produits","item":"https:\/\/shop-ch.lafabriquecornu.ch\/fr\/boutique\/"},{"@type":"ListItem","position":3,"name":"Zwieback sans gluten"}]},{"@type":"WebSite","@id":"https:\/\/shop-ch.lafabriquecornu.ch\/fr\/#website","url":"https:\/\/shop-ch.lafabriquecornu.ch\/fr\/","name":"La Fabrique Cornu","description":"","publisher":{"@id":"https:\/\/shop-ch.lafabriquecornu.ch\/fr\/#organization"},"potentialAction":[{"@type":"SearchAction","target":{"@type":"EntryPoint","urlTemplate":"https:\/\/shop-ch.lafabriquecornu.ch\/fr\/?s={search_term_string}"},"query-input":{"@type":"PropertyValueSpecification","valueRequired":true,"valueName":"search_term_string"}}],"inLanguage":"fr-FR"},{"@type":"Organization","@id":"https:\/\/shop-ch.lafabriquecornu.ch\/fr\/#organization","name":"La Fabrique Cornu","url":"https:\/\/shop-ch.lafabriquecornu.ch\/fr\/","logo":{"@type":"ImageObject","inLanguage":"fr-FR","@id":"https:\/\/shop-ch.lafabriquecornu.ch\/fr\/#\/schema\/logo\/image\/","url":"https:\/\/shop-ch.lafabriquecornu.ch\/wp-content\/uploads\/lafabrique-logo.svg","contentUrl":"https:\/\/shop-ch.lafabriquecornu.ch\/wp-content\/uploads\/lafabrique-logo.svg","width":1,"height":1,"caption":"La Fabrique Cornu"},"image":{"@id":"https:\/\/shop-ch.lafabriquecornu.ch\/fr\/#\/schema\/logo\/image\/"},"sameAs":["https:\/\/facebook.com\/lafabriquecornu","https:\/\/www.instagram.com\/lafabriquech","https:\/\/www.youtube.com\/@lafabrique-museeinteractif4254"]}]}},"_links":{"self":[{"href":"https:\/\/shop-ch.lafabriquecornu.ch\/fr\/wp-json\/wp\/v2\/product\/1701","targetHints":{"allow":["GET"]}}],"collection":[{"href":"https:\/\/shop-ch.lafabriquecornu.ch\/fr\/wp-json\/wp\/v2\/product"}],"about":[{"href":"https:\/\/shop-ch.lafabriquecornu.ch\/fr\/wp-json\/wp\/v2\/types\/product"}],"wp:featuredmedia":[{"embeddable":true,"href":"https:\/\/shop-ch.lafabriquecornu.ch\/fr\/wp-json\/wp\/v2\/media\/1692"}],"wp:attachment":[{"href":"https:\/\/shop-ch.lafabriquecornu.ch\/fr\/wp-json\/wp\/v2\/media?parent=1701"}],"wp:term":[{"taxonomy":"product_brand","embeddable":true,"href":"https:\/\/shop-ch.lafabriquecornu.ch\/fr\/wp-json\/wp\/v2\/product_brand?post=1701"},{"taxonomy":"product_cat","embeddable":true,"href":"https:\/\/shop-ch.lafabriquecornu.ch\/fr\/wp-json\/wp\/v2\/product_cat?post=1701"},{"taxonomy":"product_tag","embeddable":true,"href":"https:\/\/shop-ch.lafabriquecornu.ch\/fr\/wp-json\/wp\/v2\/product_tag?post=1701"},{"taxonomy":"giftcard-category","embeddable":true,"href":"https:\/\/shop-ch.lafabriquecornu.ch\/fr\/wp-json\/wp\/v2\/giftcard-category?post=1701"}],"curies":[{"name":"wp","href":"https:\/\/api.w.org\/{rel}","templated":true}]}}