{"id":1686,"date":"2024-03-04T10:33:16","date_gmt":"2024-03-04T09:33:16","guid":{"rendered":"https:\/\/shop-ch.lafabriquecornu.ch\/?post_type=product&#038;p=1686"},"modified":"2026-03-25T14:18:30","modified_gmt":"2026-03-25T13:18:30","slug":"pain-croquant-avoine","status":"publish","type":"product","link":"https:\/\/shop-ch.lafabriquecornu.ch\/fr\/produit\/pain-croquant-avoine\/","title":{"rendered":"Pain croquant avoine"},"content":{"rendered":"<div class=\"wp-block-ub-content-toggle padding-top-l wp-block-ub-content-toggle-block\" id=\"ub-content-toggle-block-38656a15-7ad3-493a-ac3e-dc1709803e73\" data-mobilecollapse=\"true\" data-desktopcollapse=\"true\" data-preventcollapse=\"false\" data-showonlyone=\"false\">\n<div class=\"wp-block-ub-content-toggle-accordion\" style=\"border-color: #f1f1f1; \" id=\"ub-content-toggle-panel-block-a75ed1ec-6593-4864-a23e-dadf9c1b207e\">\n\t\t\t<div class=\"wp-block-ub-content-toggle-accordion-title-wrap\" style=\"background-color: #f1f1f1;\" aria-controls=\"ub-content-toggle-panel-0-38656a15-7ad3-493a-ac3e-dc1709803e73\" tabindex=\"0\">\n\t\t\t<p class=\"wp-block-ub-content-toggle-accordion-title ub-content-toggle-title-38656a15-7ad3-493a-ac3e-dc1709803e73\" style=\"color: #000000; \">INGR\u00e9DIENTS<\/p>\n\t\t\t<div class=\"wp-block-ub-content-toggle-accordion-toggle-wrap right\" style=\"color: #000000;\"><span class=\"wp-block-ub-content-toggle-accordion-state-indicator wp-block-ub-chevron-down\"><\/span><\/div>\n\t\t<\/div>\n\t\t\t<div role=\"region\" aria-expanded=\"false\" class=\"wp-block-ub-content-toggle-accordion-content-wrap ub-hide\" id=\"ub-content-toggle-panel-0-38656a15-7ad3-493a-ac3e-dc1709803e73\">\n\n<div class=\"wp-block-columns is-layout-flex wp-container-core-columns-is-layout-9d6595d7 wp-block-columns-is-layout-flex\">\n<div class=\"wp-block-column is-layout-flow wp-block-column-is-layout-flow\">\n<p>Farine d\u2019avoine sans gluten (23%), farine de riz, semoule de riz, amidon de pomme de terre, amidon de ma\u00efs, huile de tournesol, flocons d\u2019avoine sans gluten (4%), levure, sucre, fibres de betterave \u00e0 sucre, sirop de sucre inverti, poudre \u00e0 lever (bicarbonate de sodium), sel iod\u00e9, \u00e9mulsifiant (mono- et diglyc\u00e9rides d\u2019acides gras), \u00e9paississants (carboxym\u00e9thylcellulose, gomme guar). <strong>Peut contenir des traces de graines de s\u00e9same.<\/strong><\/p>\n<\/div>\n<\/div>\n\n<\/div>\n\t\t<\/div>\n\n<div class=\"wp-block-ub-content-toggle-accordion\" style=\"border-color: #f1f1f1; \" id=\"ub-content-toggle-panel-block-2d110711-2f17-4667-bdb0-f995c01011b2\">\n\t\t\t<div class=\"wp-block-ub-content-toggle-accordion-title-wrap\" style=\"background-color: #f1f1f1;\" aria-controls=\"ub-content-toggle-panel-1-38656a15-7ad3-493a-ac3e-dc1709803e73\" tabindex=\"0\">\n\t\t\t<p class=\"wp-block-ub-content-toggle-accordion-title ub-content-toggle-title-38656a15-7ad3-493a-ac3e-dc1709803e73\" style=\"color: #000000; \">DONN\u00c9ES NUTRITIONNELLES<\/p>\n\t\t\t<div class=\"wp-block-ub-content-toggle-accordion-toggle-wrap right\" style=\"color: #000000;\"><span class=\"wp-block-ub-content-toggle-accordion-state-indicator wp-block-ub-chevron-down\"><\/span><\/div>\n\t\t<\/div>\n\t\t\t<div role=\"region\" aria-expanded=\"false\" class=\"wp-block-ub-content-toggle-accordion-content-wrap ub-hide\" id=\"ub-content-toggle-panel-1-38656a15-7ad3-493a-ac3e-dc1709803e73\">\n\n<figure class=\"wp-block-table\"><table><tbody><tr><th class=\"has-text-align-left\" data-align=\"left\"><strong>Valeurs \u00e9nerg\u00e9tiques et nutritionnelles\u00a0moyennes<\/strong><\/th><th class=\"has-text-align-left\" data-align=\"left\">100g<\/th><th class=\"has-text-align-left\" data-align=\"left\">11g<\/th><td><strong>AR*<\/strong><\/td><\/tr><tr><td class=\"has-text-align-left\" data-align=\"left\">Valeur \u00e9nerg\u00e9tique (kJ) \/ (kcal)<\/td><td class=\"has-text-align-left\" data-align=\"left\">1648\/391<\/td><td class=\"has-text-align-left\" data-align=\"left\">181\/43<\/td><td>2%<\/td><\/tr><tr><td class=\"has-text-align-left\" data-align=\"left\">Mati\u00e8res grasses\u00a0(g)<\/td><td class=\"has-text-align-left\" data-align=\"left\">8.6<\/td><td class=\"has-text-align-left\" data-align=\"left\">0.9<\/td><td>1%<\/td><\/tr><tr><td class=\"has-text-align-left\" data-align=\"left\">dont acides gras satur\u00e9s\u00a0(g)<\/td><td class=\"has-text-align-left\" data-align=\"left\">1.1<\/td><td class=\"has-text-align-left\" data-align=\"left\">0.1<\/td><td>1%<\/td><\/tr><tr><td class=\"has-text-align-left\" data-align=\"left\">Glucides\u00a0(g)<\/td><td class=\"has-text-align-left\" data-align=\"left\">67<\/td><td class=\"has-text-align-left\" data-align=\"left\">7.4<\/td><td>3%<\/td><\/tr><tr><td class=\"has-text-align-left\" data-align=\"left\">dont sucres\u00a0(g)<\/td><td class=\"has-text-align-left\" data-align=\"left\">0.9<\/td><td class=\"has-text-align-left\" data-align=\"left\">0.1<\/td><td>0%<\/td><\/tr><tr><td class=\"has-text-align-left\" data-align=\"left\">Fibres alimentaires\u00a0(g)<\/td><td class=\"has-text-align-left\" data-align=\"left\">7.9<\/td><td class=\"has-text-align-left\" data-align=\"left\">0.9<\/td><td>\u2013<\/td><\/tr><tr><td class=\"has-text-align-left\" data-align=\"left\">Prot\u00e9ines\u00a0(g)<\/td><td class=\"has-text-align-left\" data-align=\"left\">7.5<\/td><td class=\"has-text-align-left\" data-align=\"left\">0.8<\/td><td>2%<\/td><\/tr><tr><td class=\"has-text-align-left\" data-align=\"left\">Sel\u00a0(g)<\/td><td class=\"has-text-align-left\" data-align=\"left\">2.3<\/td><td class=\"has-text-align-left\" data-align=\"left\">0.25<\/td><td>4%<\/td><\/tr><\/tbody><\/table><\/figure>\n\n<\/div>\n\t\t<\/div>\n<\/div>","protected":false},"excerpt":{"rendered":"<p>Le Pain Croquant sans gluten\u00a0et sans lactose est constitu\u00e9 de farine d\u2019avoine soigneusement s\u00e9lectionn\u00e9e. Ce produit riche en fibres alimentaires poss\u00e8de un croustillant unique et un go\u00fbt fin.<\/p>\n<p><strong>Poids:<\/strong> 230g<\/p>\n","protected":false},"featured_media":1677,"template":"","meta":[],"product_brand":[],"product_cat":[53,41],"product_tag":[],"giftcard-category":[],"class_list":{"0":"post-1686","1":"product","2":"type-product","3":"status-publish","4":"has-post-thumbnail","6":"product_cat-pains-croustillants","7":"product_cat-sans-gluten","9":"first","10":"outofstock","11":"taxable","12":"shipping-taxable","13":"purchasable","14":"product-type-simple"},"yoast_head":"<!-- This site is optimized with the Yoast SEO plugin v27.5 - https:\/\/yoast.com\/product\/yoast-seo-wordpress\/ -->\n<title>Pain croquant avoine - La Fabrique Cornu Shop Suisse<\/title>\n<meta name=\"description\" content=\"Le Pain Croquant sans gluten\u00a0et sans lactose est constitu\u00e9 de farine d\u2019avoine soigneusement s\u00e9lectionn\u00e9e. Ce produit riche en fibres poss\u00e8de un croustillant unique et un go\u00fbt fin.\" \/>\n<meta name=\"robots\" content=\"index, follow, max-snippet:-1, max-image-preview:large, max-video-preview:-1\" \/>\n<link rel=\"canonical\" href=\"https:\/\/shop-ch.lafabriquecornu.ch\/fr\/produit\/pain-croquant-avoine\/\" \/>\n<meta property=\"og:locale\" content=\"fr_FR\" \/>\n<meta property=\"og:type\" content=\"article\" \/>\n<meta property=\"og:title\" content=\"Pain croquant avoine - La Fabrique Cornu Shop Suisse\" \/>\n<meta property=\"og:description\" content=\"Le Pain Croquant sans gluten\u00a0et sans lactose est constitu\u00e9 de farine d\u2019avoine soigneusement s\u00e9lectionn\u00e9e. Ce produit riche en fibres poss\u00e8de un croustillant unique et un go\u00fbt fin.\" \/>\n<meta property=\"og:url\" content=\"https:\/\/shop-ch.lafabriquecornu.ch\/fr\/produit\/pain-croquant-avoine\/\" \/>\n<meta property=\"og:site_name\" content=\"La Fabrique Cornu Shop Suisse\" \/>\n<meta property=\"article:publisher\" content=\"https:\/\/facebook.com\/lafabriquecornu\" \/>\n<meta property=\"article:modified_time\" content=\"2026-03-25T13:18:30+00:00\" \/>\n<meta property=\"og:image\" content=\"https:\/\/shop-ch.lafabriquecornu.ch\/wp-content\/uploads\/face_KB-avoine-sans-gluten-pastille.png\" \/>\n\t<meta property=\"og:image:width\" content=\"800\" \/>\n\t<meta property=\"og:image:height\" content=\"900\" \/>\n\t<meta property=\"og:image:type\" content=\"image\/png\" \/>\n<meta name=\"twitter:card\" content=\"summary_large_image\" \/>\n<meta name=\"twitter:label1\" content=\"Dur\u00e9e de lecture estim\u00e9e\" \/>\n\t<meta name=\"twitter:data1\" content=\"1 minute\" \/>\n<script type=\"application\/ld+json\" class=\"yoast-schema-graph\">{\"@context\":\"https:\\\/\\\/schema.org\",\"@graph\":[{\"@type\":\"WebPage\",\"@id\":\"https:\\\/\\\/shop-ch.lafabriquecornu.ch\\\/fr\\\/produit\\\/pain-croquant-avoine\\\/\",\"url\":\"https:\\\/\\\/shop-ch.lafabriquecornu.ch\\\/fr\\\/produit\\\/pain-croquant-avoine\\\/\",\"name\":\"Pain croquant avoine - La Fabrique Cornu Shop Suisse\",\"isPartOf\":{\"@id\":\"https:\\\/\\\/shop-ch.lafabriquecornu.ch\\\/fr\\\/#website\"},\"primaryImageOfPage\":{\"@id\":\"https:\\\/\\\/shop-ch.lafabriquecornu.ch\\\/fr\\\/produit\\\/pain-croquant-avoine\\\/#primaryimage\"},\"image\":{\"@id\":\"https:\\\/\\\/shop-ch.lafabriquecornu.ch\\\/fr\\\/produit\\\/pain-croquant-avoine\\\/#primaryimage\"},\"thumbnailUrl\":\"https:\\\/\\\/shop-ch.lafabriquecornu.ch\\\/wp-content\\\/uploads\\\/face_KB-avoine-sans-gluten-pastille.png\",\"datePublished\":\"2024-03-04T09:33:16+00:00\",\"dateModified\":\"2026-03-25T13:18:30+00:00\",\"description\":\"Le Pain Croquant sans gluten\u00a0et sans lactose est constitu\u00e9 de farine d\u2019avoine soigneusement s\u00e9lectionn\u00e9e. Ce produit riche en fibres poss\u00e8de un croustillant unique et un go\u00fbt fin.\",\"breadcrumb\":{\"@id\":\"https:\\\/\\\/shop-ch.lafabriquecornu.ch\\\/fr\\\/produit\\\/pain-croquant-avoine\\\/#breadcrumb\"},\"inLanguage\":\"fr-FR\",\"potentialAction\":[{\"@type\":\"ReadAction\",\"target\":[\"https:\\\/\\\/shop-ch.lafabriquecornu.ch\\\/fr\\\/produit\\\/pain-croquant-avoine\\\/\"]}]},{\"@type\":\"ImageObject\",\"inLanguage\":\"fr-FR\",\"@id\":\"https:\\\/\\\/shop-ch.lafabriquecornu.ch\\\/fr\\\/produit\\\/pain-croquant-avoine\\\/#primaryimage\",\"url\":\"https:\\\/\\\/shop-ch.lafabriquecornu.ch\\\/wp-content\\\/uploads\\\/face_KB-avoine-sans-gluten-pastille.png\",\"contentUrl\":\"https:\\\/\\\/shop-ch.lafabriquecornu.ch\\\/wp-content\\\/uploads\\\/face_KB-avoine-sans-gluten-pastille.png\",\"width\":800,\"height\":900,\"caption\":\"pain croquant avoine sans gluten\"},{\"@type\":\"BreadcrumbList\",\"@id\":\"https:\\\/\\\/shop-ch.lafabriquecornu.ch\\\/fr\\\/produit\\\/pain-croquant-avoine\\\/#breadcrumb\",\"itemListElement\":[{\"@type\":\"ListItem\",\"position\":1,\"name\":\"Accueil\",\"item\":\"https:\\\/\\\/shop-ch.lafabriquecornu.ch\\\/fr\\\/\"},{\"@type\":\"ListItem\",\"position\":2,\"name\":\"Tous les produits\",\"item\":\"https:\\\/\\\/shop-ch.lafabriquecornu.ch\\\/fr\\\/boutique\\\/\"},{\"@type\":\"ListItem\",\"position\":3,\"name\":\"Pain croquant avoine\"}]},{\"@type\":\"WebSite\",\"@id\":\"https:\\\/\\\/shop-ch.lafabriquecornu.ch\\\/fr\\\/#website\",\"url\":\"https:\\\/\\\/shop-ch.lafabriquecornu.ch\\\/fr\\\/\",\"name\":\"La Fabrique Cornu\",\"description\":\"\",\"publisher\":{\"@id\":\"https:\\\/\\\/shop-ch.lafabriquecornu.ch\\\/fr\\\/#organization\"},\"potentialAction\":[{\"@type\":\"SearchAction\",\"target\":{\"@type\":\"EntryPoint\",\"urlTemplate\":\"https:\\\/\\\/shop-ch.lafabriquecornu.ch\\\/fr\\\/?s={search_term_string}\"},\"query-input\":{\"@type\":\"PropertyValueSpecification\",\"valueRequired\":true,\"valueName\":\"search_term_string\"}}],\"inLanguage\":\"fr-FR\"},{\"@type\":\"Organization\",\"@id\":\"https:\\\/\\\/shop-ch.lafabriquecornu.ch\\\/fr\\\/#organization\",\"name\":\"La Fabrique Cornu\",\"url\":\"https:\\\/\\\/shop-ch.lafabriquecornu.ch\\\/fr\\\/\",\"logo\":{\"@type\":\"ImageObject\",\"inLanguage\":\"fr-FR\",\"@id\":\"https:\\\/\\\/shop-ch.lafabriquecornu.ch\\\/fr\\\/#\\\/schema\\\/logo\\\/image\\\/\",\"url\":\"https:\\\/\\\/shop-ch.lafabriquecornu.ch\\\/wp-content\\\/uploads\\\/lafabrique-logo.svg\",\"contentUrl\":\"https:\\\/\\\/shop-ch.lafabriquecornu.ch\\\/wp-content\\\/uploads\\\/lafabrique-logo.svg\",\"width\":1,\"height\":1,\"caption\":\"La Fabrique Cornu\"},\"image\":{\"@id\":\"https:\\\/\\\/shop-ch.lafabriquecornu.ch\\\/fr\\\/#\\\/schema\\\/logo\\\/image\\\/\"},\"sameAs\":[\"https:\\\/\\\/facebook.com\\\/lafabriquecornu\",\"https:\\\/\\\/www.instagram.com\\\/lafabriquech\",\"https:\\\/\\\/www.youtube.com\\\/@lafabrique-museeinteractif4254\"]}]}<\/script>\n<!-- \/ Yoast SEO plugin. -->","yoast_head_json":{"title":"Pain croquant avoine - La Fabrique Cornu Shop Suisse","description":"Le Pain Croquant sans gluten\u00a0et sans lactose est constitu\u00e9 de farine d\u2019avoine soigneusement s\u00e9lectionn\u00e9e. Ce produit riche en fibres poss\u00e8de un croustillant unique et un go\u00fbt fin.","robots":{"index":"index","follow":"follow","max-snippet":"max-snippet:-1","max-image-preview":"max-image-preview:large","max-video-preview":"max-video-preview:-1"},"canonical":"https:\/\/shop-ch.lafabriquecornu.ch\/fr\/produit\/pain-croquant-avoine\/","og_locale":"fr_FR","og_type":"article","og_title":"Pain croquant avoine - La Fabrique Cornu Shop Suisse","og_description":"Le Pain Croquant sans gluten\u00a0et sans lactose est constitu\u00e9 de farine d\u2019avoine soigneusement s\u00e9lectionn\u00e9e. Ce produit riche en fibres poss\u00e8de un croustillant unique et un go\u00fbt fin.","og_url":"https:\/\/shop-ch.lafabriquecornu.ch\/fr\/produit\/pain-croquant-avoine\/","og_site_name":"La Fabrique Cornu Shop Suisse","article_publisher":"https:\/\/facebook.com\/lafabriquecornu","article_modified_time":"2026-03-25T13:18:30+00:00","og_image":[{"width":800,"height":900,"url":"https:\/\/shop-ch.lafabriquecornu.ch\/wp-content\/uploads\/face_KB-avoine-sans-gluten-pastille.png","type":"image\/png"}],"twitter_card":"summary_large_image","twitter_misc":{"Dur\u00e9e de lecture estim\u00e9e":"1 minute"},"schema":{"@context":"https:\/\/schema.org","@graph":[{"@type":"WebPage","@id":"https:\/\/shop-ch.lafabriquecornu.ch\/fr\/produit\/pain-croquant-avoine\/","url":"https:\/\/shop-ch.lafabriquecornu.ch\/fr\/produit\/pain-croquant-avoine\/","name":"Pain croquant avoine - La Fabrique Cornu Shop Suisse","isPartOf":{"@id":"https:\/\/shop-ch.lafabriquecornu.ch\/fr\/#website"},"primaryImageOfPage":{"@id":"https:\/\/shop-ch.lafabriquecornu.ch\/fr\/produit\/pain-croquant-avoine\/#primaryimage"},"image":{"@id":"https:\/\/shop-ch.lafabriquecornu.ch\/fr\/produit\/pain-croquant-avoine\/#primaryimage"},"thumbnailUrl":"https:\/\/shop-ch.lafabriquecornu.ch\/wp-content\/uploads\/face_KB-avoine-sans-gluten-pastille.png","datePublished":"2024-03-04T09:33:16+00:00","dateModified":"2026-03-25T13:18:30+00:00","description":"Le Pain Croquant sans gluten\u00a0et sans lactose est constitu\u00e9 de farine d\u2019avoine soigneusement s\u00e9lectionn\u00e9e. Ce produit riche en fibres poss\u00e8de un croustillant unique et un go\u00fbt fin.","breadcrumb":{"@id":"https:\/\/shop-ch.lafabriquecornu.ch\/fr\/produit\/pain-croquant-avoine\/#breadcrumb"},"inLanguage":"fr-FR","potentialAction":[{"@type":"ReadAction","target":["https:\/\/shop-ch.lafabriquecornu.ch\/fr\/produit\/pain-croquant-avoine\/"]}]},{"@type":"ImageObject","inLanguage":"fr-FR","@id":"https:\/\/shop-ch.lafabriquecornu.ch\/fr\/produit\/pain-croquant-avoine\/#primaryimage","url":"https:\/\/shop-ch.lafabriquecornu.ch\/wp-content\/uploads\/face_KB-avoine-sans-gluten-pastille.png","contentUrl":"https:\/\/shop-ch.lafabriquecornu.ch\/wp-content\/uploads\/face_KB-avoine-sans-gluten-pastille.png","width":800,"height":900,"caption":"pain croquant avoine sans gluten"},{"@type":"BreadcrumbList","@id":"https:\/\/shop-ch.lafabriquecornu.ch\/fr\/produit\/pain-croquant-avoine\/#breadcrumb","itemListElement":[{"@type":"ListItem","position":1,"name":"Accueil","item":"https:\/\/shop-ch.lafabriquecornu.ch\/fr\/"},{"@type":"ListItem","position":2,"name":"Tous les produits","item":"https:\/\/shop-ch.lafabriquecornu.ch\/fr\/boutique\/"},{"@type":"ListItem","position":3,"name":"Pain croquant avoine"}]},{"@type":"WebSite","@id":"https:\/\/shop-ch.lafabriquecornu.ch\/fr\/#website","url":"https:\/\/shop-ch.lafabriquecornu.ch\/fr\/","name":"La Fabrique Cornu","description":"","publisher":{"@id":"https:\/\/shop-ch.lafabriquecornu.ch\/fr\/#organization"},"potentialAction":[{"@type":"SearchAction","target":{"@type":"EntryPoint","urlTemplate":"https:\/\/shop-ch.lafabriquecornu.ch\/fr\/?s={search_term_string}"},"query-input":{"@type":"PropertyValueSpecification","valueRequired":true,"valueName":"search_term_string"}}],"inLanguage":"fr-FR"},{"@type":"Organization","@id":"https:\/\/shop-ch.lafabriquecornu.ch\/fr\/#organization","name":"La Fabrique Cornu","url":"https:\/\/shop-ch.lafabriquecornu.ch\/fr\/","logo":{"@type":"ImageObject","inLanguage":"fr-FR","@id":"https:\/\/shop-ch.lafabriquecornu.ch\/fr\/#\/schema\/logo\/image\/","url":"https:\/\/shop-ch.lafabriquecornu.ch\/wp-content\/uploads\/lafabrique-logo.svg","contentUrl":"https:\/\/shop-ch.lafabriquecornu.ch\/wp-content\/uploads\/lafabrique-logo.svg","width":1,"height":1,"caption":"La Fabrique Cornu"},"image":{"@id":"https:\/\/shop-ch.lafabriquecornu.ch\/fr\/#\/schema\/logo\/image\/"},"sameAs":["https:\/\/facebook.com\/lafabriquecornu","https:\/\/www.instagram.com\/lafabriquech","https:\/\/www.youtube.com\/@lafabrique-museeinteractif4254"]}]}},"_links":{"self":[{"href":"https:\/\/shop-ch.lafabriquecornu.ch\/fr\/wp-json\/wp\/v2\/product\/1686","targetHints":{"allow":["GET"]}}],"collection":[{"href":"https:\/\/shop-ch.lafabriquecornu.ch\/fr\/wp-json\/wp\/v2\/product"}],"about":[{"href":"https:\/\/shop-ch.lafabriquecornu.ch\/fr\/wp-json\/wp\/v2\/types\/product"}],"wp:featuredmedia":[{"embeddable":true,"href":"https:\/\/shop-ch.lafabriquecornu.ch\/fr\/wp-json\/wp\/v2\/media\/1677"}],"wp:attachment":[{"href":"https:\/\/shop-ch.lafabriquecornu.ch\/fr\/wp-json\/wp\/v2\/media?parent=1686"}],"wp:term":[{"taxonomy":"product_brand","embeddable":true,"href":"https:\/\/shop-ch.lafabriquecornu.ch\/fr\/wp-json\/wp\/v2\/product_brand?post=1686"},{"taxonomy":"product_cat","embeddable":true,"href":"https:\/\/shop-ch.lafabriquecornu.ch\/fr\/wp-json\/wp\/v2\/product_cat?post=1686"},{"taxonomy":"product_tag","embeddable":true,"href":"https:\/\/shop-ch.lafabriquecornu.ch\/fr\/wp-json\/wp\/v2\/product_tag?post=1686"},{"taxonomy":"giftcard-category","embeddable":true,"href":"https:\/\/shop-ch.lafabriquecornu.ch\/fr\/wp-json\/wp\/v2\/giftcard-category?post=1686"}],"curies":[{"name":"wp","href":"https:\/\/api.w.org\/{rel}","templated":true}]}}