{"id":8135,"date":"2026-03-28T23:09:06","date_gmt":"2026-03-28T22:09:06","guid":{"rendered":"https:\/\/shop-ch.lafabriquecornu.ch\/?page_id=8135"},"modified":"2026-03-28T23:09:09","modified_gmt":"2026-03-28T22:09:09","slug":"conditions-generales-de-vente","status":"publish","type":"page","link":"https:\/\/shop-ch.lafabriquecornu.ch\/fr\/conditions-generales-de-vente\/","title":{"rendered":"Conditions g\u00e9n\u00e9rales de vente"},"content":{"rendered":"\n<h2 class=\"wp-block-heading\">Conditions g\u00e9n\u00e9rales de vente<\/h2>\n\n\n\n<h4 class=\"wp-block-heading\">POINTS G\u00c9N\u00c9RAUX<\/h4>\n\n\n\n<p>1. La boutique en ligne&nbsp;<a href=\"http:\/\/www.shop-ch.lafabriquecornu.ch\/\">www.shop-ch.lafabriquecornu.ch<\/a>&nbsp;est une offre de la soci\u00e9t\u00e9&nbsp;Cornu S.A., boulangerie fine, chemin de Praz 2, 1424 Champagne, Suisse.<\/p>\n\n\n\n<p>2.&nbsp;Cornu S.A., boulangerie fine&nbsp;propose des produits de boulangerie, notamment de feuillet\u00e9s destin\u00e9s \u00e0 l&rsquo;ap\u00e9ritif et au dessert, notamment sous la marque La Fabrique sur la boutique en ligne&nbsp;<a href=\"http:\/\/www.shop-ch.lafabriquecornu.ch\/\">www.shop-ch.lafabriquecornu.ch<\/a>.<\/p>\n\n\n\n<p>3. Les conditions g\u00e9n\u00e9rales de vente (ci-apr\u00e8s CGV) r\u00e9gissent l\u2019ensemble des conditions et prestations qui lient&nbsp;Cornu S.A., boulangerie fine&nbsp;\u00e0 ses clients.<\/p>\n\n\n\n<p>4. Toute correspondance doit \u00eatre adress\u00e9e \u00e0&nbsp;Cornu S.A., boulangerie fine, chemin de Praz 2, 1424 Champagne, Suisse ou par courriel \u00e0&nbsp;<a href=\"mailto:shop@lafabriquecornu.ch\">shop@lafabriquecornu.ch<\/a><\/p>\n\n\n\n<h4 class=\"wp-block-heading\">OFFRE ET CONCLUSION DU CONTRAT<\/h4>\n\n\n\n<p>1. Les offres de&nbsp;Cornu S.A., boulangerie fine&nbsp;sur la boutique en ligne&nbsp;<a href=\"http:\/\/www.shop-ch.lafabriquecornu.ch\/\">www.shop-ch.lafabriquecornu.ch<\/a>s\u2019adressent \u00e0 des clients majeurs et capables d&rsquo;agir, domicili\u00e9s en Suisse&nbsp;et au Liechtenstein.<\/p>\n\n\n\n<p>2. Lors d\u2019une vente de&nbsp;Cornu S.A., boulangerie fine,&nbsp;le contrat de vente est conclu directement entre le client et&nbsp;Cornu S.A., boulangerie fine.<\/p>\n\n\n\n<p>3. Pour pouvoir passer commande, le client d\u00e9clare \u00eatre majeur et avoir la capacit\u00e9 juridique. Le client doit au pr\u00e9alable se connecter \u00e0&nbsp;<a href=\"http:\/\/www.shop-ch.lafabriquecornu.ch\/\">www.shop-ch.lafabriquecornu.ch<\/a>&nbsp;avec un compte client personnel. Pour ce faire il est tenu d\u2019indiquer, outre son nom d\u2019utilisateur une adresse mail, ses pr\u00e9noms et noms officiels, l\u2019adresse du domicile d\u00e9clar\u00e9 aux autorit\u00e9s ainsi qu\u2019un num\u00e9ro de t\u00e9l\u00e9phone valable. Ces informations doivent \u00eatre exactes et correspondre \u00e0 la r\u00e9alit\u00e9. Lors de la cr\u00e9ation de son compte client personnel sur la boutique, le client doit \u00e9galement d\u00e9finir un mot de passe. Le client assume l\u2019enti\u00e8re responsabilit\u00e9 de l\u2019utilisation de son mot de passe et de toutes les commandes qui sont pass\u00e9es, m\u00eame \u00e0 son insu, en utilisant ce mot de passe.<\/p>\n\n\n\n<h4 class=\"wp-block-heading\">COMMANDE ET LIVRAISON<\/h4>\n\n\n\n<p>1. Les commandes sont pass\u00e9es sur le site Internet&nbsp;<a href=\"http:\/\/www.shop-ch.lafabriquecornu.ch\/\">www.shop-ch.lafabriquecornu.ch<\/a>. En passant une commande, le client pr\u00e9sente une offre par laquelle il s\u2019engage d\u2019une part \u00e0 acheter les produits s\u00e9lectionn\u00e9s et d\u2019autres part accepte les conditions g\u00e9n\u00e9rales de ventes de&nbsp;Cornu S.A., boulangerie fine.<\/p>\n\n\n\n<p>2. Cornu S.A., boulangerie fine&nbsp;adressera un e-mail de confirmation de sa commande au client. Cet e-mail correspond \u00e0 l\u2019acceptation de la commande et constitue la conclusion du contrat de vente entre le client&nbsp;Cornu S.A., boulangerie fine.<\/p>\n\n\n\n<p>3.&nbsp;S\u2019il appara\u00eet apr\u00e8s confirmation de la r\u00e9ception de la commande qu\u2019un article n\u2019est pas disponible,&nbsp;Cornu S.A., boulangerie fine&nbsp;contactera le client dans les plus brefs d\u00e9lais pour trouver une solution (remboursement, substitution, report d\u2019exp\u00e9dition jusqu\u2019\u00e0 disponibilit\u00e9 du produit).<\/p>\n\n\n\n<p>4.Cornu S.A., boulangerie fine&nbsp;se r\u00e9serve le droit, \u00e0 son gr\u00e9, de refuser une commande, notamment en cas de factures impay\u00e9es, d\u2019insolvabilit\u00e9, de non-respect des conditions de livraison ou d\u2019informations personnelles erron\u00e9es.<\/p>\n\n\n\n<p>5. Les donn\u00e9es enregistr\u00e9es par&nbsp;Cornu S.A., boulangerie fine&nbsp;constituent une preuve irr\u00e9futable de la commande ou de la transaction.<\/p>\n\n\n\n<p>6. Le d\u00e9lai de livraison figurant dans l\u2019offre ou dans la confirmation de r\u00e9ception de la commande est fourni \u00e0 titre purement indicatif, sans aucun engagement. Dans le cas o\u00f9&nbsp;Cornu S.A., boulangerie fine&nbsp;serait dans l\u2019impossibilit\u00e9 de respecter un d\u00e9lai de livraison, le client peut annuler sa commande en en faisant part au service apr\u00e8s-vente par \u00e9crit dans les 30 jours suivant la confirmation de r\u00e9ception de la commande.<\/p>\n\n\n\n<p>7.&nbsp;Cornu S.A., boulangerie fine.&nbsp;est habilit\u00e9e \u00e0 effectuer des livraisons partielles. Si une partie seulement de la marchandise command\u00e9e ne peut \u00eatre livr\u00e9e, le client n&rsquo;est pas en droit d\u2019annuler la totalit\u00e9 de la commande ni de faire valoir des pr\u00e9tentions suppl\u00e9mentaires.<\/p>\n\n\n\n<p>8. Les livraisons sont exp\u00e9di\u00e9es exclusivement \u00e0 des adresses en Suisse aux frais et aux risques et p\u00e9rils du client. En principe, la marchandise est livr\u00e9e uniquement \u00e0 l\u2019adresse du client indiqu\u00e9e lors de la commande.<\/p>\n\n\n\n<p>9. Les frais d\u2019exp\u00e9dition sont offerts au client pour toute commande sup\u00e9rieure \u00e0 40&nbsp;CHF apr\u00e8s d\u00e9duction de tout rabais. En de\u00e7\u00e0 de ce montant, un moment de 10 CHF est factur\u00e9 au client au moment de son achat.<\/p>\n\n\n\n<p>10. Une fois la commande confirm\u00e9e et exp\u00e9di\u00e9e, aucune modification ne pourra \u00eatre effectu\u00e9e.<\/p>\n\n\n\n<p>11. Le client peut modifier ou annuler sa commande en contactant le service apr\u00e8s-vente par e-mail et \u00e0 la condition que cette demande soit re\u00e7ue avant la date d\u2019exp\u00e9dition de la marchandise.<\/p>\n\n\n\n<h4 class=\"wp-block-heading\">V\u00c9RIFICATION DE LA MARCHANDISE LIVR\u00c9E<\/h4>\n\n\n\n<p>Le client s\u2019engage \u00e0 v\u00e9rifier imm\u00e9diatement que la marchandise livr\u00e9e\/enlev\u00e9e est conforme \u00e0 celle command\u00e9e, compl\u00e8te et en parfait \u00e9tat. Les dommages aux marchandises livr\u00e9es doivent \u00eatre signal\u00e9s au service apr\u00e8s-vente par e-mail \u00e0&nbsp;<a href=\"mailto:shop@lafabriquecornu.ch\">shop@lafabriquecornu.ch<\/a>, d\u00e8s que possible, mais au plus tard dans les cinq jours calendaires suivant la livraison. En cas de r\u00e9clamation, toutes les pi\u00e8ces de l\u2019emballage original doivent \u00eatre conserv\u00e9es. Le client ne pourra s\u2019en d\u00e9barrasser qu\u2019avec l\u2019accord \u00e9crit de&nbsp;Cornu S.A., boulangerie fine.<\/p>\n\n\n\n<h4 class=\"wp-block-heading\">PRIX<\/h4>\n\n\n\n<p>1.&nbsp;Cornu S.A., boulangerie fine.&nbsp;a le droit de modifier le prix de ses produits \u00e0 tout moment. Le prix en vigueur est celui publi\u00e9 \u00e0 la date de la commande. Les modifications de prix qui interviennent apr\u00e8s la commande ne sont pas prises en consid\u00e9ration.<\/p>\n\n\n\n<p>2. Tous les prix publi\u00e9s sur la boutique en ligne&nbsp;<a href=\"http:\/\/www.shop-ch.lafabriquecornu.ch\/\">www.shop-ch.lafabriquecornu.ch<\/a>&nbsp;s\u2019entendent en francs suisses, TVA (taxe sur la valeur ajout\u00e9e) incluses. Les co\u00fbts annexes (par ex. frais de port, d\u2019emballage, suppl\u00e9ments pour certains moyens de paiement, garantie de transport) ne sont pas inclus dans le prix. Ils sont indiqu\u00e9s s\u00e9par\u00e9ment et factur\u00e9s selon les modalit\u00e9s d\u00e9crites en section \u00ab Commande et livraison \u00bb .<\/p>\n\n\n\n<h4 class=\"wp-block-heading\">CONDITIONS DE PAIEMENT ET R\u00c9SERVE DE LA PROPRI\u00c9T\u00c9<\/h4>\n\n\n\n<p>1. Le paiement est effectu\u00e9 au moment de la commande. Les moyens de paiement accept\u00e9s sont : cartes de cr\u00e9dit\/d\u00e9bit, TWINT.<\/p>\n\n\n\n<p>2.&nbsp;Cornu S.A., boulangerie fine&nbsp;peut exclure l\u2019un ou l\u2019autre de ces moyens de fa\u00e7on g\u00e9n\u00e9rale ou pour certains clients sans avoir \u00e0 justifier sa d\u00e9cision.&nbsp;Cornu S.A., boulangerie fine.&nbsp;est habilit\u00e9e \u00e0 percevoir des suppl\u00e9ments sur certains moyens de paiement. Elle se r\u00e9serve le droit de se renseigner sur la solvabilit\u00e9 du client.<\/p>\n\n\n\n<p>3. En cas de r\u00e8glement sur facture les adresses de facturation et de livraison doivent \u00eatre identiques. Modalit\u00e9s du r\u00e8glement par virement doit \u00eatre d\u00e9taill\u00e9 ici. Si le client est en retard de paiement,&nbsp;Cornu S.A., boulangerie fine&nbsp;peut en outre, sans autre avertissement, annuler ou suspendre toutes les autres commandes jusqu\u2019au r\u00e8glement de l\u2019int\u00e9gralit\u00e9 de la cr\u00e9ance. Tout retard de paiement donnera lieu au pr\u00e9l\u00e8vement d\u2019un int\u00e9r\u00eat moratoire sur le solde \u00e9chu et \u00e0 l\u2019imputation des frais administratifs et de justice encourus. Les pr\u00e9tentions en dommages et int\u00e9r\u00eats suppl\u00e9mentaires demeurent express\u00e9ment r\u00e9serv\u00e9es. De plus,&nbsp;Cornu S.A., boulangerie fine&nbsp;est en droit de c\u00e9der les dettes en souffrance \u00e0 des soci\u00e9t\u00e9s de recouvrement externes.<\/p>\n\n\n\n<p>4. Les produits livr\u00e9s restent la propri\u00e9t\u00e9 de&nbsp;Cornu S.A., boulangerie fine&nbsp;jusqu\u2019\u00e0 r\u00e9ception de la totalit\u00e9 du montant de l\u2019achat (tous suppl\u00e9ments inclus). Le client s\u2019engage \u00e0 prendre soin des produits aussi longtemps qu\u2019ils sont la propri\u00e9t\u00e9 de&nbsp;Cornu S.A., boulangerie fine.<\/p>\n\n\n\n<h4 class=\"wp-block-heading\">DROIT DE RETOUR, REPRISE ET \u00c9CHANGE<\/h4>\n\n\n\n<p>En r\u00e8gle g\u00e9n\u00e9rale, le client ne dispose d\u2019aucun droit de retour, reprise ou d\u2019\u00e9change.<\/p>\n\n\n\n<h4 class=\"wp-block-heading\">RESPONSABILIT\u00c9<\/h4>\n\n\n\n<p>1. Les photos et textes illustrant et d\u00e9crivant les produits qui figurent sur le pr\u00e9sent site sont non contractuels et uniquement \u00e0 titre d\u2019information.&nbsp;Cornu S.A., boulangerie fine&nbsp;n\u2019assume aucune responsabilit\u00e9 en cas d\u2019erreurs ou d\u2019omissions sur les photos ou textes figurant sur le pr\u00e9sent site.<\/p>\n\n\n\n<p>2. Sous r\u00e9serve du droit imp\u00e9ratif suisse, aucune demande en dommages et int\u00e9r\u00eats relative \u00e0 une commande vis\u00e9e par les pr\u00e9sentes conditions ne pourra d\u00e9passer le montant du prix d\u2019achat des produits qui ont donn\u00e9 lieu \u00e0 la demande de dommages et int\u00e9r\u00eats.<\/p>\n\n\n\n<p>3. En aucun cas&nbsp;Cornu S.A., boulangerie fine&nbsp;ne pourra \u00eatre tenue pour responsable de dommages indirects, fortuits ou cons\u00e9cutifs de quelque nature que ce soit survenant en rapport avec ses produits, leur utilisation, leur vente ou le pr\u00e9sent site.<\/p>\n\n\n\n<h4 class=\"wp-block-heading\">FORCE MAJEURE<\/h4>\n\n\n\n<p>Cornu S.A., boulangerie fine&nbsp;fera tout son possible pour s\u2019acquitter de ses obligations mais ne pourra pas \u00eatre tenue pour responsable de retards ou de l\u2019absence de livraison d\u00e9coulant de circonstances ind\u00e9pendantes de sa volont\u00e9, comme accidents, gr\u00e8ves, catastrophes naturelles ou autres qui emp\u00eachent la production et la livraison de produits.<\/p>\n\n\n\n<h4 class=\"wp-block-heading\">PUBLICIT\u00c9 INDIVIDUALIS\u00c9E<\/h4>\n\n\n\n<p>Pour \u00e9viter toute publicit\u00e9 inutile,&nbsp;Cornu S.A., boulangerie fine&nbsp;envoie uniquement de la publicit\u00e9 cibl\u00e9e \u00e0 ses clients poss\u00e9dant un compte actif. Cette derni\u00e8re repose sur l\u2019analyse du comportement d\u2019achat de la client\u00e8le. Pour l\u2019envoi de la publicit\u00e9 individualis\u00e9e,&nbsp;Cornu S.A., boulangerie fine.&nbsp;dispose de plusieurs options et moyens (liste non exhaustive), avec notamment l\u2019e-mail, l\u2019envoi postal, le t\u00e9l\u00e9phone, les textos ou la messagerie multim\u00e9dia (SMS, MMS). En ouvrant un compte client sur la boutique en ligne de&nbsp;Cornu S.A., boulangerie fine, le client accepte la publicit\u00e9 individualis\u00e9e. Il peut en outre \u00e9galement se r\u00e9tracter par mail \u00e0 l\u2019adresse&nbsp;<a href=\"mailto:shop@lafabriquecornu.ch\">shop@lafabriquecornu.ch<\/a>.<\/p>\n\n\n\n<h4 class=\"wp-block-heading\">PROTECTION DES DONN\u00c9ES<\/h4>\n\n\n\n<p>1. En cr\u00e9ant un compte client individuel et\/ou en utilisant notre site Internet&nbsp;<a href=\"http:\/\/www.shop-ch.lafabriquecornu.ch\/\">www.shop-ch.lafabriquecornu.ch<\/a>&nbsp;sans vous enregistrer, vous acceptez la d\u00e9claration relative \u00e0 la protection des donn\u00e9es.<\/p>\n\n\n\n<p>2. En vous enregistrant sur&nbsp;<a href=\"http:\/\/www.shop-ch.lafabriquecornu.ch\/\">www.shop-ch.lafabriquecornu.ch<\/a>, vous pouvez cr\u00e9er un profil client. Des donn\u00e9es relatives aux achats peuvent \u00eatre utilis\u00e9es par ce biais. Les donn\u00e9es clients collect\u00e9s peuvent \u00eatre exploit\u00e9es&nbsp;Cornu S.A., boulangerie fine&nbsp;notamment \u00e0 des fins de marketing et de publicit\u00e9 ainsi que pour l&rsquo;\u00e9tablissement de statistiques (par ex. \u00e9tude de march\u00e9).<\/p>\n\n\n\n<p>3. Quelle que soit la nature des donn\u00e9es personnelles vous concernant dont nous sommes amen\u00e9s \u00e0 prendre connaissance, soit que nous soyons en droit de vous les demander conform\u00e9ment aux pr\u00e9sentes CGV, soit que nous les enregistrons de fa\u00e7on automatis\u00e9e, nous nous engageons \u00e0 mettre tout en \u0153uvre pour les traiter avec la plus stricte confidentialit\u00e9, en assurer la protection et de n\u2019en faire usage que pour ex\u00e9cuter vos demandes ou am\u00e9liorer les services susceptibles de vous \u00eatre propos\u00e9s.<\/p>\n\n\n\n<p>4. Les donn\u00e9es personnelles du client (nom, pr\u00e9nom, adresse, adresse, adresse e-mail et t\u00e9l\u00e9phone) peuvent \u00eatre transmises \u00e0 des prestataires externes, notamment pour l\u2019exp\u00e9dition, mais en aucun cas vendues \u00e0 des tiers.<\/p>\n\n\n\n<h4 class=\"wp-block-heading\">FOR, DROIT APPLICABLE<\/h4>\n\n\n\n<p>Les pr\u00e9sentes conditions g\u00e9n\u00e9rales de vente peuvent faire l\u2019objet de modifications \u00e0 tout moment. Le droit suisse s&rsquo;applique en exclusivit\u00e9. Les parties conviennent d\u2019un for exclusif au si\u00e8ge de&nbsp;Cornu S.A., boulangerie fine \u00e0 Champagne.<\/p>\n","protected":false},"excerpt":{"rendered":"<p>Conditions g\u00e9n\u00e9rales de vente POINTS G\u00c9N\u00c9RAUX 1. La boutique en ligne&nbsp;www.shop-ch.lafabriquecornu.ch&nbsp;est une offre de la soci\u00e9t\u00e9&nbsp;Cornu S.A., boulangerie fine, chemin de Praz 2, 1424 Champagne, Suisse. 2.&nbsp;Cornu S.A., boulangerie fine&nbsp;propose des produits de boulangerie, notamment de feuillet\u00e9s destin\u00e9s \u00e0 l&rsquo;ap\u00e9ritif et au dessert, notamment sous la marque La Fabrique sur la boutique en ligne&nbsp;www.shop-ch.lafabriquecornu.ch. 3. [&hellip;]<\/p>\n","protected":false},"author":2,"featured_media":0,"parent":0,"menu_order":0,"comment_status":"closed","ping_status":"closed","template":"","meta":{"footnotes":""},"class_list":["post-8135","page","type-page","status-publish","hentry"],"featured_image_src":null,"yoast_head":"<!-- This site is optimized with the Yoast SEO plugin v27.5 - https:\/\/yoast.com\/product\/yoast-seo-wordpress\/ -->\n<title>Conditions g\u00e9n\u00e9rales de vente - La Fabrique Cornu Shop Suisse<\/title>\n<meta name=\"robots\" content=\"index, follow, max-snippet:-1, max-image-preview:large, max-video-preview:-1\" \/>\n<link rel=\"canonical\" href=\"https:\/\/shop-ch.lafabriquecornu.ch\/fr\/conditions-generales-de-vente\/\" \/>\n<meta property=\"og:locale\" content=\"fr_FR\" \/>\n<meta property=\"og:type\" content=\"article\" \/>\n<meta property=\"og:title\" content=\"Conditions g\u00e9n\u00e9rales de vente - La Fabrique Cornu Shop Suisse\" \/>\n<meta property=\"og:description\" content=\"Conditions g\u00e9n\u00e9rales de vente POINTS G\u00c9N\u00c9RAUX 1. La boutique en ligne&nbsp;www.shop-ch.lafabriquecornu.ch&nbsp;est une offre de la soci\u00e9t\u00e9&nbsp;Cornu S.A., boulangerie fine, chemin de Praz 2, 1424 Champagne, Suisse. 2.&nbsp;Cornu S.A., boulangerie fine&nbsp;propose des produits de boulangerie, notamment de feuillet\u00e9s destin\u00e9s \u00e0 l&rsquo;ap\u00e9ritif et au dessert, notamment sous la marque La Fabrique sur la boutique en ligne&nbsp;www.shop-ch.lafabriquecornu.ch. 3. [&hellip;]\" \/>\n<meta property=\"og:url\" content=\"https:\/\/shop-ch.lafabriquecornu.ch\/fr\/conditions-generales-de-vente\/\" \/>\n<meta property=\"og:site_name\" content=\"La Fabrique Cornu Shop Suisse\" \/>\n<meta property=\"article:publisher\" content=\"https:\/\/facebook.com\/lafabriquecornu\" \/>\n<meta property=\"article:modified_time\" content=\"2026-03-28T22:09:09+00:00\" \/>\n<meta name=\"twitter:card\" content=\"summary_large_image\" \/>\n<meta name=\"twitter:label1\" content=\"Dur\u00e9e de lecture estim\u00e9e\" \/>\n\t<meta name=\"twitter:data1\" content=\"9 minutes\" \/>\n<script type=\"application\/ld+json\" class=\"yoast-schema-graph\">{\"@context\":\"https:\\\/\\\/schema.org\",\"@graph\":[{\"@type\":\"WebPage\",\"@id\":\"https:\\\/\\\/shop-ch.lafabriquecornu.ch\\\/fr\\\/conditions-generales-de-vente\\\/\",\"url\":\"https:\\\/\\\/shop-ch.lafabriquecornu.ch\\\/fr\\\/conditions-generales-de-vente\\\/\",\"name\":\"Conditions g\u00e9n\u00e9rales de vente - La Fabrique Cornu Shop Suisse\",\"isPartOf\":{\"@id\":\"https:\\\/\\\/shop-ch.lafabriquecornu.ch\\\/fr\\\/#website\"},\"datePublished\":\"2026-03-28T22:09:06+00:00\",\"dateModified\":\"2026-03-28T22:09:09+00:00\",\"breadcrumb\":{\"@id\":\"https:\\\/\\\/shop-ch.lafabriquecornu.ch\\\/fr\\\/conditions-generales-de-vente\\\/#breadcrumb\"},\"inLanguage\":\"fr-FR\",\"potentialAction\":[{\"@type\":\"ReadAction\",\"target\":[\"https:\\\/\\\/shop-ch.lafabriquecornu.ch\\\/fr\\\/conditions-generales-de-vente\\\/\"]}]},{\"@type\":\"BreadcrumbList\",\"@id\":\"https:\\\/\\\/shop-ch.lafabriquecornu.ch\\\/fr\\\/conditions-generales-de-vente\\\/#breadcrumb\",\"itemListElement\":[{\"@type\":\"ListItem\",\"position\":1,\"name\":\"Accueil\",\"item\":\"https:\\\/\\\/shop-ch.lafabriquecornu.ch\\\/fr\\\/\"},{\"@type\":\"ListItem\",\"position\":2,\"name\":\"Conditions g\u00e9n\u00e9rales de vente\"}]},{\"@type\":\"WebSite\",\"@id\":\"https:\\\/\\\/shop-ch.lafabriquecornu.ch\\\/fr\\\/#website\",\"url\":\"https:\\\/\\\/shop-ch.lafabriquecornu.ch\\\/fr\\\/\",\"name\":\"La Fabrique Cornu\",\"description\":\"\",\"publisher\":{\"@id\":\"https:\\\/\\\/shop-ch.lafabriquecornu.ch\\\/fr\\\/#organization\"},\"potentialAction\":[{\"@type\":\"SearchAction\",\"target\":{\"@type\":\"EntryPoint\",\"urlTemplate\":\"https:\\\/\\\/shop-ch.lafabriquecornu.ch\\\/fr\\\/?s={search_term_string}\"},\"query-input\":{\"@type\":\"PropertyValueSpecification\",\"valueRequired\":true,\"valueName\":\"search_term_string\"}}],\"inLanguage\":\"fr-FR\"},{\"@type\":\"Organization\",\"@id\":\"https:\\\/\\\/shop-ch.lafabriquecornu.ch\\\/fr\\\/#organization\",\"name\":\"La Fabrique Cornu\",\"url\":\"https:\\\/\\\/shop-ch.lafabriquecornu.ch\\\/fr\\\/\",\"logo\":{\"@type\":\"ImageObject\",\"inLanguage\":\"fr-FR\",\"@id\":\"https:\\\/\\\/shop-ch.lafabriquecornu.ch\\\/fr\\\/#\\\/schema\\\/logo\\\/image\\\/\",\"url\":\"https:\\\/\\\/shop-ch.lafabriquecornu.ch\\\/wp-content\\\/uploads\\\/lafabrique-logo.svg\",\"contentUrl\":\"https:\\\/\\\/shop-ch.lafabriquecornu.ch\\\/wp-content\\\/uploads\\\/lafabrique-logo.svg\",\"width\":1,\"height\":1,\"caption\":\"La Fabrique Cornu\"},\"image\":{\"@id\":\"https:\\\/\\\/shop-ch.lafabriquecornu.ch\\\/fr\\\/#\\\/schema\\\/logo\\\/image\\\/\"},\"sameAs\":[\"https:\\\/\\\/facebook.com\\\/lafabriquecornu\",\"https:\\\/\\\/www.instagram.com\\\/lafabriquech\",\"https:\\\/\\\/www.youtube.com\\\/@lafabrique-museeinteractif4254\"]}]}<\/script>\n<!-- \/ Yoast SEO plugin. -->","yoast_head_json":{"title":"Conditions g\u00e9n\u00e9rales de vente - La Fabrique Cornu Shop Suisse","robots":{"index":"index","follow":"follow","max-snippet":"max-snippet:-1","max-image-preview":"max-image-preview:large","max-video-preview":"max-video-preview:-1"},"canonical":"https:\/\/shop-ch.lafabriquecornu.ch\/fr\/conditions-generales-de-vente\/","og_locale":"fr_FR","og_type":"article","og_title":"Conditions g\u00e9n\u00e9rales de vente - La Fabrique Cornu Shop Suisse","og_description":"Conditions g\u00e9n\u00e9rales de vente POINTS G\u00c9N\u00c9RAUX 1. La boutique en ligne&nbsp;www.shop-ch.lafabriquecornu.ch&nbsp;est une offre de la soci\u00e9t\u00e9&nbsp;Cornu S.A., boulangerie fine, chemin de Praz 2, 1424 Champagne, Suisse. 2.&nbsp;Cornu S.A., boulangerie fine&nbsp;propose des produits de boulangerie, notamment de feuillet\u00e9s destin\u00e9s \u00e0 l&rsquo;ap\u00e9ritif et au dessert, notamment sous la marque La Fabrique sur la boutique en ligne&nbsp;www.shop-ch.lafabriquecornu.ch. 3. [&hellip;]","og_url":"https:\/\/shop-ch.lafabriquecornu.ch\/fr\/conditions-generales-de-vente\/","og_site_name":"La Fabrique Cornu Shop Suisse","article_publisher":"https:\/\/facebook.com\/lafabriquecornu","article_modified_time":"2026-03-28T22:09:09+00:00","twitter_card":"summary_large_image","twitter_misc":{"Dur\u00e9e de lecture estim\u00e9e":"9 minutes"},"schema":{"@context":"https:\/\/schema.org","@graph":[{"@type":"WebPage","@id":"https:\/\/shop-ch.lafabriquecornu.ch\/fr\/conditions-generales-de-vente\/","url":"https:\/\/shop-ch.lafabriquecornu.ch\/fr\/conditions-generales-de-vente\/","name":"Conditions g\u00e9n\u00e9rales de vente - La Fabrique Cornu Shop Suisse","isPartOf":{"@id":"https:\/\/shop-ch.lafabriquecornu.ch\/fr\/#website"},"datePublished":"2026-03-28T22:09:06+00:00","dateModified":"2026-03-28T22:09:09+00:00","breadcrumb":{"@id":"https:\/\/shop-ch.lafabriquecornu.ch\/fr\/conditions-generales-de-vente\/#breadcrumb"},"inLanguage":"fr-FR","potentialAction":[{"@type":"ReadAction","target":["https:\/\/shop-ch.lafabriquecornu.ch\/fr\/conditions-generales-de-vente\/"]}]},{"@type":"BreadcrumbList","@id":"https:\/\/shop-ch.lafabriquecornu.ch\/fr\/conditions-generales-de-vente\/#breadcrumb","itemListElement":[{"@type":"ListItem","position":1,"name":"Accueil","item":"https:\/\/shop-ch.lafabriquecornu.ch\/fr\/"},{"@type":"ListItem","position":2,"name":"Conditions g\u00e9n\u00e9rales de vente"}]},{"@type":"WebSite","@id":"https:\/\/shop-ch.lafabriquecornu.ch\/fr\/#website","url":"https:\/\/shop-ch.lafabriquecornu.ch\/fr\/","name":"La Fabrique Cornu","description":"","publisher":{"@id":"https:\/\/shop-ch.lafabriquecornu.ch\/fr\/#organization"},"potentialAction":[{"@type":"SearchAction","target":{"@type":"EntryPoint","urlTemplate":"https:\/\/shop-ch.lafabriquecornu.ch\/fr\/?s={search_term_string}"},"query-input":{"@type":"PropertyValueSpecification","valueRequired":true,"valueName":"search_term_string"}}],"inLanguage":"fr-FR"},{"@type":"Organization","@id":"https:\/\/shop-ch.lafabriquecornu.ch\/fr\/#organization","name":"La Fabrique Cornu","url":"https:\/\/shop-ch.lafabriquecornu.ch\/fr\/","logo":{"@type":"ImageObject","inLanguage":"fr-FR","@id":"https:\/\/shop-ch.lafabriquecornu.ch\/fr\/#\/schema\/logo\/image\/","url":"https:\/\/shop-ch.lafabriquecornu.ch\/wp-content\/uploads\/lafabrique-logo.svg","contentUrl":"https:\/\/shop-ch.lafabriquecornu.ch\/wp-content\/uploads\/lafabrique-logo.svg","width":1,"height":1,"caption":"La Fabrique Cornu"},"image":{"@id":"https:\/\/shop-ch.lafabriquecornu.ch\/fr\/#\/schema\/logo\/image\/"},"sameAs":["https:\/\/facebook.com\/lafabriquecornu","https:\/\/www.instagram.com\/lafabriquech","https:\/\/www.youtube.com\/@lafabrique-museeinteractif4254"]}]}},"_links":{"self":[{"href":"https:\/\/shop-ch.lafabriquecornu.ch\/fr\/wp-json\/wp\/v2\/pages\/8135","targetHints":{"allow":["GET"]}}],"collection":[{"href":"https:\/\/shop-ch.lafabriquecornu.ch\/fr\/wp-json\/wp\/v2\/pages"}],"about":[{"href":"https:\/\/shop-ch.lafabriquecornu.ch\/fr\/wp-json\/wp\/v2\/types\/page"}],"author":[{"embeddable":true,"href":"https:\/\/shop-ch.lafabriquecornu.ch\/fr\/wp-json\/wp\/v2\/users\/2"}],"replies":[{"embeddable":true,"href":"https:\/\/shop-ch.lafabriquecornu.ch\/fr\/wp-json\/wp\/v2\/comments?post=8135"}],"version-history":[{"count":6,"href":"https:\/\/shop-ch.lafabriquecornu.ch\/fr\/wp-json\/wp\/v2\/pages\/8135\/revisions"}],"predecessor-version":[{"id":8186,"href":"https:\/\/shop-ch.lafabriquecornu.ch\/fr\/wp-json\/wp\/v2\/pages\/8135\/revisions\/8186"}],"wp:attachment":[{"href":"https:\/\/shop-ch.lafabriquecornu.ch\/fr\/wp-json\/wp\/v2\/media?parent=8135"}],"curies":[{"name":"wp","href":"https:\/\/api.w.org\/{rel}","templated":true}]}}