{"id":3,"date":"2023-12-19T11:48:04","date_gmt":"2023-12-19T10:48:04","guid":{"rendered":"https:\/\/shop-ch.lafabriquecornu.ch\/?page_id=3"},"modified":"2024-01-09T09:50:59","modified_gmt":"2024-01-09T08:50:59","slug":"politique-de-confidentialite","status":"publish","type":"page","link":"https:\/\/shop-ch.lafabriquecornu.ch\/fr\/politique-de-confidentialite\/","title":{"rendered":"Politique de confidentialit\u00e9"},"content":{"rendered":"\n<h2 class=\"wp-block-heading\">Politique de confidentialit\u00e9<\/h2>\n\n\n\n<h4 class=\"wp-block-heading\">CONTENU DE L&rsquo;OFFRE EN LIGNE<\/h4>\n\n\n\n<p>L&rsquo;auteur de la pr\u00e9sente offre en ligne ne garantit aucunement que les informations qu&rsquo;il fournit soient \u00e0 jour, justes, compl\u00e8tes ou correctes. Toute demande en dommages et int\u00e9r\u00eats adress\u00e9e \u00e0 l&rsquo;auteur pour des dommages caus\u00e9s par l&rsquo;utilisation ou la non-utilisation des informations fournies, ou par l&rsquo;utilisation d&rsquo;informations erron\u00e9es ou incompl\u00e8tes ne pourra \u00eatre prise en consid\u00e9ration, sauf si l&rsquo;existence d&rsquo;une faute intentionnelle ou d&rsquo;une n\u00e9gligence grave est d\u00e9montr\u00e9e. L&rsquo;offre dans sa totalit\u00e9 est faite sans engagement. L&rsquo;auteur se r\u00e9serve explicitement le droit de modifier, de compl\u00e9ter ou de supprimer des parties du site ou le site complet, d&rsquo;interrompre provisoirement la publication ou de mettre un terme d\u00e9finitif \u00e0 celle-ci.<\/p>\n\n\n\n<h4 class=\"wp-block-heading\">RENVOIS ET LIENS<\/h4>\n\n\n\n<p>En ce qui concerne des renvois directs ou indirects \u00e0 des sites Internet de tiers (hyperliens) ne relevant pas de la responsabilit\u00e9 de l&rsquo;auteur, des dommages et int\u00e9r\u00eats seraient exigibles uniquement si l&rsquo;auteur avait connaissance des contenus et qu&rsquo;il lui f\u00fbt techniquement possible, et que l&rsquo;on p\u00fbt raisonnablement attendre de lui, qu&rsquo;il emp\u00each\u00e2t l&rsquo;utilisation en cas de contenus illicites. L&rsquo;auteur d\u00e9clare explicitement qu&rsquo;aucun contenu illicite n&rsquo;\u00e9tait visible sur les sites pour lesquels des liens \u00e9taient pr\u00e9vus au moment de l&rsquo;\u00e9tablissement de ces liens. L&rsquo;auteur est sans influence sur la conception, actuelle ou future, des sites pour lesquels des liens sont \u00e9tablis, tout comme sur les contenus de ces sites ou sur ce qui a trait aux droits de l&rsquo;auteur desdits sites. Aussi, l&rsquo;auteur se distancie express\u00e9ment de tous les contenus de tous les sites Internet mis en lien qui ont fait l&rsquo;objet de modifications apr\u00e8s que lesdits liens ont \u00e9t\u00e9 \u00e9tablis. L&rsquo;auteur se distancie de m\u00eame de tous les liens et renvois contenus dans sa propre offre Internet ainsi que de tous les \u00e9l\u00e9ments saisis par des tiers qui figurent dans les livres d&rsquo;or, forums de discussions, r\u00e9pertoires de liens, listes d&rsquo;adresses ou toute autre forme de banque de donn\u00e9es que l&rsquo;auteur a mis en place et dans lesquels il est possible \u00e0 des tiers d&rsquo;\u00e9crire. Seul le fournisseur du site vers lequel un lien renvoie r\u00e9pond de contenus ill\u00e9gaux, faux ou incomplets ou de dommages qui r\u00e9sultent de l&rsquo;utilisation ou de la non-utilisation des informations fournies sur ledit site; le fournisseur du site qui se contente de renvoyer \u00e0 la publication en question au moyen de liens ne r\u00e9pond pas desdits contenus ou dommages.<\/p>\n\n\n\n<h4 class=\"wp-block-heading\">DROIT D&rsquo;AUTEUR, MARQUES ET SIGLES<\/h4>\n\n\n\n<p>Protection des donn\u00e9es.<\/p>\n\n\n\n<h4 class=\"wp-block-heading\">PROTECTION DES DONN\u00c9ES<\/h4>\n\n\n\n<p>L&rsquo;utilisateur d&rsquo;un site Internet qui offre la possibilit\u00e9 d&rsquo;introduire des donn\u00e9es personnelles ou commerciales (telles que des adresses \u00e9lectroniques, un nom ou une adresse), divulgue de telles donn\u00e9es de son propre choix. Dans la mesure o\u00f9 il est techniquement possible de le faire, et que l&rsquo;on puisse raisonnablement l&rsquo;attendre, il est possible d&rsquo;obtenir et de payer tous les services propos\u00e9s sans l&rsquo;indication de telles donn\u00e9es, par la saisie de donn\u00e9es anonymis\u00e9es ou d&rsquo;un pseudonyme par exemple. Il est interdit \u00e0 des tiers d&rsquo;utiliser, \u00e0 des fins de transmission d&rsquo;informations qui ne sont pas demand\u00e9es express\u00e9ment, des donn\u00e9es telles qu&rsquo;une adresse postale, un num\u00e9ro de t\u00e9l\u00e9phone, un num\u00e9ro de t\u00e9l\u00e9copie ou une adresse \u00e9lectronique qui sont publi\u00e9es dans l&rsquo;impressum ou sous une autre forme comparable. La violation de cette interdiction peut entra\u00eener des d\u00e9marches juridiques \u00e0 l&rsquo;encontre d&rsquo;exp\u00e9diteurs de pollupostage (ou spam).<\/p>\n\n\n\n<h4 class=\"wp-block-heading\">COOKIES<\/h4>\n\n\n\n<p>Des cookies sont li\u00e9s \u00e0 l\u2019acc\u00e8s \u00e0 certains sites Internet. Certains de ces cookies peuvent permettre au serveur d\u2019acc\u00e9der \u00e0 des informations telles que l\u2019adresse e-mail de l\u2019utilisateur. La Fabrique n\u2019utilise pas de cookies pour acc\u00e9der aux informations personnelles du client.<\/p>\n\n\n\n<h4 class=\"wp-block-heading\">PORT\u00c9E JURIDIQUE DE LA PR\u00c9SENTE EXCLUSION DE RESPONSABILIT\u00c9<\/h4>\n\n\n\n<p>La pr\u00e9sente exclusion de responsabilit\u00e9 fait partie int\u00e9grante de l&rsquo;offre Internet par laquelle il a \u00e9t\u00e9 renvoy\u00e9 \u00e0 cette page. Le contenu et la validit\u00e9 des autres parties du document ne sont pas concern\u00e9es par la non-conformit\u00e9 d&rsquo;\u00e9l\u00e9ments ou de formulations du pr\u00e9sent texte avec le droit applicable en l&rsquo;esp\u00e8ce. Il en va de m\u00eame si ces \u00e9l\u00e9ments ou formulations ne sont plus conformes avec le droit applicable ou qu&rsquo;ils ne le soient que partiellement.<\/p>\n\n\n\n<h4 class=\"wp-block-heading\">GOOGLE ANALYTICS<\/h4>\n\n\n\n<p>Ce site Web utilise Google Analytics, un service d\u2019analyse Web de Google Inc. (\u00ab\u00a0Google\u00a0\u00bb). Google Analytics a recours \u00e0 des \u00ab\u00a0cookies\u00a0\u00bb, c\u2019est-\u00e0-dire des fichiers texte enregistr\u00e9s sur votre ordinateur qui permettent d\u2019analyser votre utilisation du site Web. Les informations g\u00e9n\u00e9r\u00e9es par le cookie sur l\u2019utilisation du site Web (y compris votre adresse IP) sont transmises \u00e0 un serveur de Google aux \u00c9tats-Unis o\u00f9 elles sont enregistr\u00e9es.<\/p>\n\n\n\n<p>Google se servira de ces informations pour analyser l\u2019utilisation du site Web, \u00e9tablir des rapports sur les activit\u00e9s du site Web pour les exploitants de ceux-ci et pour fournir d\u2019autres prestations de service li\u00e9es \u00e0 l\u2019utilisation du site Web et l\u2019utilisation d\u2019Internet. Le cas \u00e9ch\u00e9ant, Google transmettra aussi ces donn\u00e9es \u00e0 des tiers s\u2019il s\u2019agit d\u2019une obligation l\u00e9gale ou si ces tiers sont mandat\u00e9s par Google pour traiter des donn\u00e9es. Google ne mettra en aucun cas votre adresse IP en relation avec d\u2019autres donn\u00e9es sur Google.<\/p>\n\n\n\n<p>Vous pouvez emp\u00eacher l\u2019installation des cookies par un r\u00e9glage correspondant dans votre logiciel de navigation; mais nous vous signalons que dans ce cas vous ne pourrez pas utiliser totalement toutes les fonctions de ce site Web. En utilisant ce site Web, vous donnez votre accord pour le traitement des donn\u00e9es pr\u00e9lev\u00e9es sur vous par Google selon la mani\u00e8re d\u00e9crite ci-avant et dans le but susmentionn\u00e9.<\/p>\n","protected":false},"excerpt":{"rendered":"<p>Politique de confidentialit\u00e9 CONTENU DE L&rsquo;OFFRE EN LIGNE L&rsquo;auteur de la pr\u00e9sente offre en ligne ne garantit aucunement que les informations qu&rsquo;il fournit soient \u00e0 jour, justes, compl\u00e8tes ou correctes. Toute demande en dommages et int\u00e9r\u00eats adress\u00e9e \u00e0 l&rsquo;auteur pour des dommages caus\u00e9s par l&rsquo;utilisation ou la non-utilisation des informations fournies, ou par l&rsquo;utilisation d&rsquo;informations [&hellip;]<\/p>\n","protected":false},"author":1,"featured_media":0,"parent":0,"menu_order":0,"comment_status":"closed","ping_status":"open","template":"","meta":{"footnotes":""},"class_list":["post-3","page","type-page","status-publish","hentry"],"featured_image_src":null,"yoast_head":"<!-- This site is optimized with the Yoast SEO plugin v27.3 - https:\/\/yoast.com\/product\/yoast-seo-wordpress\/ -->\n<title>Politique de confidentialit\u00e9 - La Fabrique Cornu Shop Suisse<\/title>\n<meta name=\"robots\" content=\"index, follow, max-snippet:-1, max-image-preview:large, max-video-preview:-1\" \/>\n<link rel=\"canonical\" href=\"https:\/\/shop-ch.lafabriquecornu.ch\/fr\/politique-de-confidentialite\/\" \/>\n<meta property=\"og:locale\" content=\"fr_FR\" \/>\n<meta property=\"og:type\" content=\"article\" \/>\n<meta property=\"og:title\" content=\"Politique de confidentialit\u00e9 - La Fabrique Cornu Shop Suisse\" \/>\n<meta property=\"og:description\" content=\"Politique de confidentialit\u00e9 CONTENU DE L&rsquo;OFFRE EN LIGNE L&rsquo;auteur de la pr\u00e9sente offre en ligne ne garantit aucunement que les informations qu&rsquo;il fournit soient \u00e0 jour, justes, compl\u00e8tes ou correctes. Toute demande en dommages et int\u00e9r\u00eats adress\u00e9e \u00e0 l&rsquo;auteur pour des dommages caus\u00e9s par l&rsquo;utilisation ou la non-utilisation des informations fournies, ou par l&rsquo;utilisation d&rsquo;informations [&hellip;]\" \/>\n<meta property=\"og:url\" content=\"https:\/\/shop-ch.lafabriquecornu.ch\/fr\/politique-de-confidentialite\/\" \/>\n<meta property=\"og:site_name\" content=\"La Fabrique Cornu Shop Suisse\" \/>\n<meta property=\"article:publisher\" content=\"https:\/\/facebook.com\/lafabriquecornu\" \/>\n<meta property=\"article:modified_time\" content=\"2024-01-09T08:50:59+00:00\" \/>\n<meta name=\"twitter:card\" content=\"summary_large_image\" \/>\n<meta name=\"twitter:label1\" content=\"Dur\u00e9e de lecture estim\u00e9e\" \/>\n\t<meta name=\"twitter:data1\" content=\"5 minutes\" \/>\n<script type=\"application\/ld+json\" class=\"yoast-schema-graph\">{\"@context\":\"https:\\\/\\\/schema.org\",\"@graph\":[{\"@type\":\"WebPage\",\"@id\":\"https:\\\/\\\/shop-ch.lafabriquecornu.ch\\\/fr\\\/politique-de-confidentialite\\\/\",\"url\":\"https:\\\/\\\/shop-ch.lafabriquecornu.ch\\\/fr\\\/politique-de-confidentialite\\\/\",\"name\":\"Politique de confidentialit\u00e9 - La Fabrique Cornu Shop Suisse\",\"isPartOf\":{\"@id\":\"https:\\\/\\\/shop-ch.lafabriquecornu.ch\\\/fr\\\/#website\"},\"datePublished\":\"2023-12-19T10:48:04+00:00\",\"dateModified\":\"2024-01-09T08:50:59+00:00\",\"breadcrumb\":{\"@id\":\"https:\\\/\\\/shop-ch.lafabriquecornu.ch\\\/fr\\\/politique-de-confidentialite\\\/#breadcrumb\"},\"inLanguage\":\"fr-FR\",\"potentialAction\":[{\"@type\":\"ReadAction\",\"target\":[\"https:\\\/\\\/shop-ch.lafabriquecornu.ch\\\/fr\\\/politique-de-confidentialite\\\/\"]}]},{\"@type\":\"BreadcrumbList\",\"@id\":\"https:\\\/\\\/shop-ch.lafabriquecornu.ch\\\/fr\\\/politique-de-confidentialite\\\/#breadcrumb\",\"itemListElement\":[{\"@type\":\"ListItem\",\"position\":1,\"name\":\"Accueil\",\"item\":\"https:\\\/\\\/shop-ch.lafabriquecornu.ch\\\/fr\\\/\"},{\"@type\":\"ListItem\",\"position\":2,\"name\":\"Politique de confidentialit\u00e9\"}]},{\"@type\":\"WebSite\",\"@id\":\"https:\\\/\\\/shop-ch.lafabriquecornu.ch\\\/fr\\\/#website\",\"url\":\"https:\\\/\\\/shop-ch.lafabriquecornu.ch\\\/fr\\\/\",\"name\":\"La Fabrique Cornu\",\"description\":\"\",\"publisher\":{\"@id\":\"https:\\\/\\\/shop-ch.lafabriquecornu.ch\\\/fr\\\/#organization\"},\"potentialAction\":[{\"@type\":\"SearchAction\",\"target\":{\"@type\":\"EntryPoint\",\"urlTemplate\":\"https:\\\/\\\/shop-ch.lafabriquecornu.ch\\\/fr\\\/?s={search_term_string}\"},\"query-input\":{\"@type\":\"PropertyValueSpecification\",\"valueRequired\":true,\"valueName\":\"search_term_string\"}}],\"inLanguage\":\"fr-FR\"},{\"@type\":\"Organization\",\"@id\":\"https:\\\/\\\/shop-ch.lafabriquecornu.ch\\\/fr\\\/#organization\",\"name\":\"La Fabrique Cornu\",\"url\":\"https:\\\/\\\/shop-ch.lafabriquecornu.ch\\\/fr\\\/\",\"logo\":{\"@type\":\"ImageObject\",\"inLanguage\":\"fr-FR\",\"@id\":\"https:\\\/\\\/shop-ch.lafabriquecornu.ch\\\/fr\\\/#\\\/schema\\\/logo\\\/image\\\/\",\"url\":\"https:\\\/\\\/shop-ch.lafabriquecornu.ch\\\/wp-content\\\/uploads\\\/lafabrique-logo.svg\",\"contentUrl\":\"https:\\\/\\\/shop-ch.lafabriquecornu.ch\\\/wp-content\\\/uploads\\\/lafabrique-logo.svg\",\"width\":1,\"height\":1,\"caption\":\"La Fabrique Cornu\"},\"image\":{\"@id\":\"https:\\\/\\\/shop-ch.lafabriquecornu.ch\\\/fr\\\/#\\\/schema\\\/logo\\\/image\\\/\"},\"sameAs\":[\"https:\\\/\\\/facebook.com\\\/lafabriquecornu\",\"https:\\\/\\\/www.instagram.com\\\/lafabriquech\",\"https:\\\/\\\/www.youtube.com\\\/@lafabrique-museeinteractif4254\"]}]}<\/script>\n<!-- \/ Yoast SEO plugin. -->","yoast_head_json":{"title":"Politique de confidentialit\u00e9 - La Fabrique Cornu Shop Suisse","robots":{"index":"index","follow":"follow","max-snippet":"max-snippet:-1","max-image-preview":"max-image-preview:large","max-video-preview":"max-video-preview:-1"},"canonical":"https:\/\/shop-ch.lafabriquecornu.ch\/fr\/politique-de-confidentialite\/","og_locale":"fr_FR","og_type":"article","og_title":"Politique de confidentialit\u00e9 - La Fabrique Cornu Shop Suisse","og_description":"Politique de confidentialit\u00e9 CONTENU DE L&rsquo;OFFRE EN LIGNE L&rsquo;auteur de la pr\u00e9sente offre en ligne ne garantit aucunement que les informations qu&rsquo;il fournit soient \u00e0 jour, justes, compl\u00e8tes ou correctes. Toute demande en dommages et int\u00e9r\u00eats adress\u00e9e \u00e0 l&rsquo;auteur pour des dommages caus\u00e9s par l&rsquo;utilisation ou la non-utilisation des informations fournies, ou par l&rsquo;utilisation d&rsquo;informations [&hellip;]","og_url":"https:\/\/shop-ch.lafabriquecornu.ch\/fr\/politique-de-confidentialite\/","og_site_name":"La Fabrique Cornu Shop Suisse","article_publisher":"https:\/\/facebook.com\/lafabriquecornu","article_modified_time":"2024-01-09T08:50:59+00:00","twitter_card":"summary_large_image","twitter_misc":{"Dur\u00e9e de lecture estim\u00e9e":"5 minutes"},"schema":{"@context":"https:\/\/schema.org","@graph":[{"@type":"WebPage","@id":"https:\/\/shop-ch.lafabriquecornu.ch\/fr\/politique-de-confidentialite\/","url":"https:\/\/shop-ch.lafabriquecornu.ch\/fr\/politique-de-confidentialite\/","name":"Politique de confidentialit\u00e9 - La Fabrique Cornu Shop Suisse","isPartOf":{"@id":"https:\/\/shop-ch.lafabriquecornu.ch\/fr\/#website"},"datePublished":"2023-12-19T10:48:04+00:00","dateModified":"2024-01-09T08:50:59+00:00","breadcrumb":{"@id":"https:\/\/shop-ch.lafabriquecornu.ch\/fr\/politique-de-confidentialite\/#breadcrumb"},"inLanguage":"fr-FR","potentialAction":[{"@type":"ReadAction","target":["https:\/\/shop-ch.lafabriquecornu.ch\/fr\/politique-de-confidentialite\/"]}]},{"@type":"BreadcrumbList","@id":"https:\/\/shop-ch.lafabriquecornu.ch\/fr\/politique-de-confidentialite\/#breadcrumb","itemListElement":[{"@type":"ListItem","position":1,"name":"Accueil","item":"https:\/\/shop-ch.lafabriquecornu.ch\/fr\/"},{"@type":"ListItem","position":2,"name":"Politique de confidentialit\u00e9"}]},{"@type":"WebSite","@id":"https:\/\/shop-ch.lafabriquecornu.ch\/fr\/#website","url":"https:\/\/shop-ch.lafabriquecornu.ch\/fr\/","name":"La Fabrique Cornu","description":"","publisher":{"@id":"https:\/\/shop-ch.lafabriquecornu.ch\/fr\/#organization"},"potentialAction":[{"@type":"SearchAction","target":{"@type":"EntryPoint","urlTemplate":"https:\/\/shop-ch.lafabriquecornu.ch\/fr\/?s={search_term_string}"},"query-input":{"@type":"PropertyValueSpecification","valueRequired":true,"valueName":"search_term_string"}}],"inLanguage":"fr-FR"},{"@type":"Organization","@id":"https:\/\/shop-ch.lafabriquecornu.ch\/fr\/#organization","name":"La Fabrique Cornu","url":"https:\/\/shop-ch.lafabriquecornu.ch\/fr\/","logo":{"@type":"ImageObject","inLanguage":"fr-FR","@id":"https:\/\/shop-ch.lafabriquecornu.ch\/fr\/#\/schema\/logo\/image\/","url":"https:\/\/shop-ch.lafabriquecornu.ch\/wp-content\/uploads\/lafabrique-logo.svg","contentUrl":"https:\/\/shop-ch.lafabriquecornu.ch\/wp-content\/uploads\/lafabrique-logo.svg","width":1,"height":1,"caption":"La Fabrique Cornu"},"image":{"@id":"https:\/\/shop-ch.lafabriquecornu.ch\/fr\/#\/schema\/logo\/image\/"},"sameAs":["https:\/\/facebook.com\/lafabriquecornu","https:\/\/www.instagram.com\/lafabriquech","https:\/\/www.youtube.com\/@lafabrique-museeinteractif4254"]}]}},"_links":{"self":[{"href":"https:\/\/shop-ch.lafabriquecornu.ch\/fr\/wp-json\/wp\/v2\/pages\/3","targetHints":{"allow":["GET"]}}],"collection":[{"href":"https:\/\/shop-ch.lafabriquecornu.ch\/fr\/wp-json\/wp\/v2\/pages"}],"about":[{"href":"https:\/\/shop-ch.lafabriquecornu.ch\/fr\/wp-json\/wp\/v2\/types\/page"}],"author":[{"embeddable":true,"href":"https:\/\/shop-ch.lafabriquecornu.ch\/fr\/wp-json\/wp\/v2\/users\/1"}],"replies":[{"embeddable":true,"href":"https:\/\/shop-ch.lafabriquecornu.ch\/fr\/wp-json\/wp\/v2\/comments?post=3"}],"version-history":[{"count":1,"href":"https:\/\/shop-ch.lafabriquecornu.ch\/fr\/wp-json\/wp\/v2\/pages\/3\/revisions"}],"predecessor-version":[{"id":407,"href":"https:\/\/shop-ch.lafabriquecornu.ch\/fr\/wp-json\/wp\/v2\/pages\/3\/revisions\/407"}],"wp:attachment":[{"href":"https:\/\/shop-ch.lafabriquecornu.ch\/fr\/wp-json\/wp\/v2\/media?parent=3"}],"curies":[{"name":"wp","href":"https:\/\/api.w.org\/{rel}","templated":true}]}}